{"id":10465,"date":"2019-10-28T12:17:03","date_gmt":"2019-10-28T11:17:03","guid":{"rendered":"https:\/\/www.fimarspa.it\/prodotto\/impastatrice-planetaria-pln20bv\/"},"modified":"2025-05-27T11:06:26","modified_gmt":"2025-05-27T09:06:26","slug":"planetenmischer-pln20bv","status":"publish","type":"product","link":"https:\/\/www.fimarspa.it\/de\/prodotto\/planetenmischer-pln20bv\/","title":{"rendered":"PLANETENMISCHER PLN20BV"},"content":{"rendered":"","protected":false},"excerpt":{"rendered":"<p><span lang=\"en-US\">Planetenmischer mit Drehzahlregler, mechanischer Steuerung und Umrichter. Maschine f\u00fcr verschiedene Teigarten wie Pizza, Brot, Kekse, Croissants, H\u00f6rnchen, Beignets, Biskuitkuchen, M\u00fcrbeteig, Meringues, P\u00fcrees, verschiedene So\u00dfen, Schlagsahne, usw\u2026 Geh\u00e4use mit kratzfester Lackierung &#8211; Obergeh\u00e4use aus Kunststoff &#8211; Teigsch\u00fcssel und R\u00fchreinsatz aus Edelstahl AISI 304 &#8211;\u00a0<\/span>Wannenschutz aus Polycarbonat &#8211;\u00a0<span lang=\"en-US\">Haken und Spachtel aus Aluminium &#8211; Mikroschalter an Wannenschutz und Teigsch\u00fcssel &#8211; ausziehbare Teigsch\u00fcssel &#8211; Werkzeugschnellkupplung.\u00a0<\/span>Tischmodell.<\/p>\n","protected":false},"featured_media":22113,"template":"","meta":[],"etheme_brands":[],"product_brand":[],"product_cat":[2696,2721],"product_tag":[],"class_list":{"0":"post-10465","1":"product","2":"type-product","3":"status-publish","4":"has-post-thumbnail","6":"product_cat-teigverarbeitung","7":"product_cat-planetenmischer","8":"pa_alimentazione-230v-1n-50-60hz-de","9":"pa_dimensioni-della-vasca-l-20-l-de","10":"pa_dimensioni-imballo-750-x-490-x-900h-mm-de","11":"pa_dimensioni-macchina-604-x-440-x-716h-mm-de","12":"pa_peso-lordo-kg-64-de","13":"pa_peso-netto-kg-56-de","14":"pa_potenza-kw-05-kw-07-hp-de","15":"pa_timer-meccanico-030-de","16":"pa_velocita-rpm-min-30-max-120-rpm-de","17":"pa_volume-imballo-m3-0-331-de","19":"first","20":"instock","21":"product-type-simple"},"yoast_head":"<!-- This site is optimized with the Yoast SEO plugin v26.5 - https:\/\/yoast.com\/wordpress\/plugins\/seo\/ -->\n<title>PLANETENMISCHER PLN20BV - Fimar<\/title>\n<meta name=\"description\" content=\"PLANETENMISCHER\" \/>\n<meta name=\"robots\" content=\"index, follow, max-snippet:-1, max-image-preview:large, max-video-preview:-1\" \/>\n<link rel=\"canonical\" href=\"https:\/\/www.fimarspa.it\/de\/prodotto\/planetenmischer-pln20bv\/\" \/>\n<meta property=\"og:locale\" content=\"de_DE\" \/>\n<meta property=\"og:type\" content=\"article\" \/>\n<meta property=\"og:title\" content=\"PLANETENMISCHER PLN20BV - Fimar\" \/>\n<meta property=\"og:description\" content=\"PLANETENMISCHER\" \/>\n<meta property=\"og:url\" content=\"https:\/\/www.fimarspa.it\/de\/prodotto\/planetenmischer-pln20bv\/\" \/>\n<meta property=\"og:site_name\" content=\"Fimar\" \/>\n<meta property=\"article:publisher\" content=\"https:\/\/www.facebook.com\/Fimarspa.it\" \/>\n<meta property=\"article:modified_time\" content=\"2025-05-27T09:06:26+00:00\" \/>\n<meta property=\"og:image\" content=\"https:\/\/www.fimarspa.it\/wp-content\/uploads\/2019\/10\/PLN12BV-PLN20BV_planetaria_planetary_Fimar-1.jpg\" \/>\n\t<meta property=\"og:image:width\" content=\"800\" \/>\n\t<meta property=\"og:image:height\" content=\"800\" \/>\n\t<meta property=\"og:image:type\" content=\"image\/jpeg\" \/>\n<meta name=\"twitter:card\" content=\"summary_large_image\" \/>\n<script type=\"application\/ld+json\" class=\"yoast-schema-graph\">{\"@context\":\"https:\/\/schema.org\",\"@graph\":[{\"@type\":\"WebPage\",\"@id\":\"https:\/\/www.fimarspa.it\/de\/prodotto\/planetenmischer-pln20bv\/\",\"url\":\"https:\/\/www.fimarspa.it\/de\/prodotto\/planetenmischer-pln20bv\/\",\"name\":\"PLANETENMISCHER PLN20BV - Fimar\",\"isPartOf\":{\"@id\":\"https:\/\/www.fimarspa.it\/#website\"},\"primaryImageOfPage\":{\"@id\":\"https:\/\/www.fimarspa.it\/de\/prodotto\/planetenmischer-pln20bv\/#primaryimage\"},\"image\":{\"@id\":\"https:\/\/www.fimarspa.it\/de\/prodotto\/planetenmischer-pln20bv\/#primaryimage\"},\"thumbnailUrl\":\"https:\/\/www.fimarspa.it\/wp-content\/uploads\/2019\/10\/PLN12BV-PLN20BV_planetaria_planetary_Fimar-1.jpg\",\"datePublished\":\"2019-10-28T11:17:03+00:00\",\"dateModified\":\"2025-05-27T09:06:26+00:00\",\"description\":\"PLANETENMISCHER\",\"breadcrumb\":{\"@id\":\"https:\/\/www.fimarspa.it\/de\/prodotto\/planetenmischer-pln20bv\/#breadcrumb\"},\"inLanguage\":\"de\",\"potentialAction\":[{\"@type\":\"ReadAction\",\"target\":[\"https:\/\/www.fimarspa.it\/de\/prodotto\/planetenmischer-pln20bv\/\"]}]},{\"@type\":\"ImageObject\",\"inLanguage\":\"de\",\"@id\":\"https:\/\/www.fimarspa.it\/de\/prodotto\/planetenmischer-pln20bv\/#primaryimage\",\"url\":\"https:\/\/www.fimarspa.it\/wp-content\/uploads\/2019\/10\/PLN12BV-PLN20BV_planetaria_planetary_Fimar-1.jpg\",\"contentUrl\":\"https:\/\/www.fimarspa.it\/wp-content\/uploads\/2019\/10\/PLN12BV-PLN20BV_planetaria_planetary_Fimar-1.jpg\",\"width\":800,\"height\":800},{\"@type\":\"BreadcrumbList\",\"@id\":\"https:\/\/www.fimarspa.it\/de\/prodotto\/planetenmischer-pln20bv\/#breadcrumb\",\"itemListElement\":[{\"@type\":\"ListItem\",\"position\":1,\"name\":\"Home\",\"item\":\"https:\/\/www.fimarspa.it\/\"},{\"@type\":\"ListItem\",\"position\":2,\"name\":\"Shop\",\"item\":\"https:\/\/www.fimarspa.it\/de\/shop\/\"},{\"@type\":\"ListItem\",\"position\":3,\"name\":\"PLANETENMISCHER PLN20BV\"}]},{\"@type\":\"WebSite\",\"@id\":\"https:\/\/www.fimarspa.it\/#website\",\"url\":\"https:\/\/www.fimarspa.it\/\",\"name\":\"Fimar\",\"description\":\"Produzione di Attrezzature Professionali per la Ristorazione\",\"publisher\":{\"@id\":\"https:\/\/www.fimarspa.it\/#organization\"},\"potentialAction\":[{\"@type\":\"SearchAction\",\"target\":{\"@type\":\"EntryPoint\",\"urlTemplate\":\"https:\/\/www.fimarspa.it\/?s={search_term_string}\"},\"query-input\":{\"@type\":\"PropertyValueSpecification\",\"valueRequired\":true,\"valueName\":\"search_term_string\"}}],\"inLanguage\":\"de\"},{\"@type\":\"Organization\",\"@id\":\"https:\/\/www.fimarspa.it\/#organization\",\"name\":\"Fimar S.p.A.\",\"url\":\"https:\/\/www.fimarspa.it\/\",\"logo\":{\"@type\":\"ImageObject\",\"inLanguage\":\"de\",\"@id\":\"https:\/\/www.fimarspa.it\/#\/schema\/logo\/image\/\",\"url\":\"https:\/\/www.fimarspa.it\/wp-content\/uploads\/2019\/09\/logo-fimar.png\",\"contentUrl\":\"https:\/\/www.fimarspa.it\/wp-content\/uploads\/2019\/09\/logo-fimar.png\",\"width\":250,\"height\":88,\"caption\":\"Fimar S.p.A.\"},\"image\":{\"@id\":\"https:\/\/www.fimarspa.it\/#\/schema\/logo\/image\/\"},\"sameAs\":[\"https:\/\/www.facebook.com\/Fimarspa.it\",\"https:\/\/www.linkedin.com\/company\/fimar-group\/\",\"https:\/\/www.youtube.com\/user\/FimarSpa\"]}]}<\/script>\n<!-- \/ Yoast SEO plugin. -->","yoast_head_json":{"title":"PLANETENMISCHER PLN20BV - Fimar","description":"PLANETENMISCHER","robots":{"index":"index","follow":"follow","max-snippet":"max-snippet:-1","max-image-preview":"max-image-preview:large","max-video-preview":"max-video-preview:-1"},"canonical":"https:\/\/www.fimarspa.it\/de\/prodotto\/planetenmischer-pln20bv\/","og_locale":"de_DE","og_type":"article","og_title":"PLANETENMISCHER PLN20BV - Fimar","og_description":"PLANETENMISCHER","og_url":"https:\/\/www.fimarspa.it\/de\/prodotto\/planetenmischer-pln20bv\/","og_site_name":"Fimar","article_publisher":"https:\/\/www.facebook.com\/Fimarspa.it","article_modified_time":"2025-05-27T09:06:26+00:00","og_image":[{"width":800,"height":800,"url":"https:\/\/www.fimarspa.it\/wp-content\/uploads\/2019\/10\/PLN12BV-PLN20BV_planetaria_planetary_Fimar-1.jpg","type":"image\/jpeg"}],"twitter_card":"summary_large_image","schema":{"@context":"https:\/\/schema.org","@graph":[{"@type":"WebPage","@id":"https:\/\/www.fimarspa.it\/de\/prodotto\/planetenmischer-pln20bv\/","url":"https:\/\/www.fimarspa.it\/de\/prodotto\/planetenmischer-pln20bv\/","name":"PLANETENMISCHER PLN20BV - Fimar","isPartOf":{"@id":"https:\/\/www.fimarspa.it\/#website"},"primaryImageOfPage":{"@id":"https:\/\/www.fimarspa.it\/de\/prodotto\/planetenmischer-pln20bv\/#primaryimage"},"image":{"@id":"https:\/\/www.fimarspa.it\/de\/prodotto\/planetenmischer-pln20bv\/#primaryimage"},"thumbnailUrl":"https:\/\/www.fimarspa.it\/wp-content\/uploads\/2019\/10\/PLN12BV-PLN20BV_planetaria_planetary_Fimar-1.jpg","datePublished":"2019-10-28T11:17:03+00:00","dateModified":"2025-05-27T09:06:26+00:00","description":"PLANETENMISCHER","breadcrumb":{"@id":"https:\/\/www.fimarspa.it\/de\/prodotto\/planetenmischer-pln20bv\/#breadcrumb"},"inLanguage":"de","potentialAction":[{"@type":"ReadAction","target":["https:\/\/www.fimarspa.it\/de\/prodotto\/planetenmischer-pln20bv\/"]}]},{"@type":"ImageObject","inLanguage":"de","@id":"https:\/\/www.fimarspa.it\/de\/prodotto\/planetenmischer-pln20bv\/#primaryimage","url":"https:\/\/www.fimarspa.it\/wp-content\/uploads\/2019\/10\/PLN12BV-PLN20BV_planetaria_planetary_Fimar-1.jpg","contentUrl":"https:\/\/www.fimarspa.it\/wp-content\/uploads\/2019\/10\/PLN12BV-PLN20BV_planetaria_planetary_Fimar-1.jpg","width":800,"height":800},{"@type":"BreadcrumbList","@id":"https:\/\/www.fimarspa.it\/de\/prodotto\/planetenmischer-pln20bv\/#breadcrumb","itemListElement":[{"@type":"ListItem","position":1,"name":"Home","item":"https:\/\/www.fimarspa.it\/"},{"@type":"ListItem","position":2,"name":"Shop","item":"https:\/\/www.fimarspa.it\/de\/shop\/"},{"@type":"ListItem","position":3,"name":"PLANETENMISCHER PLN20BV"}]},{"@type":"WebSite","@id":"https:\/\/www.fimarspa.it\/#website","url":"https:\/\/www.fimarspa.it\/","name":"Fimar","description":"Produzione di Attrezzature Professionali per la Ristorazione","publisher":{"@id":"https:\/\/www.fimarspa.it\/#organization"},"potentialAction":[{"@type":"SearchAction","target":{"@type":"EntryPoint","urlTemplate":"https:\/\/www.fimarspa.it\/?s={search_term_string}"},"query-input":{"@type":"PropertyValueSpecification","valueRequired":true,"valueName":"search_term_string"}}],"inLanguage":"de"},{"@type":"Organization","@id":"https:\/\/www.fimarspa.it\/#organization","name":"Fimar S.p.A.","url":"https:\/\/www.fimarspa.it\/","logo":{"@type":"ImageObject","inLanguage":"de","@id":"https:\/\/www.fimarspa.it\/#\/schema\/logo\/image\/","url":"https:\/\/www.fimarspa.it\/wp-content\/uploads\/2019\/09\/logo-fimar.png","contentUrl":"https:\/\/www.fimarspa.it\/wp-content\/uploads\/2019\/09\/logo-fimar.png","width":250,"height":88,"caption":"Fimar S.p.A."},"image":{"@id":"https:\/\/www.fimarspa.it\/#\/schema\/logo\/image\/"},"sameAs":["https:\/\/www.facebook.com\/Fimarspa.it","https:\/\/www.linkedin.com\/company\/fimar-group\/","https:\/\/www.youtube.com\/user\/FimarSpa"]}]}},"_links":{"self":[{"href":"https:\/\/www.fimarspa.it\/de\/wp-json\/wp\/v2\/product\/10465","targetHints":{"allow":["GET"]}}],"collection":[{"href":"https:\/\/www.fimarspa.it\/de\/wp-json\/wp\/v2\/product"}],"about":[{"href":"https:\/\/www.fimarspa.it\/de\/wp-json\/wp\/v2\/types\/product"}],"wp:featuredmedia":[{"embeddable":true,"href":"https:\/\/www.fimarspa.it\/de\/wp-json\/wp\/v2\/media\/22113"}],"wp:attachment":[{"href":"https:\/\/www.fimarspa.it\/de\/wp-json\/wp\/v2\/media?parent=10465"}],"wp:term":[{"taxonomy":"brand","embeddable":true,"href":"https:\/\/www.fimarspa.it\/de\/wp-json\/wp\/v2\/etheme_brands?post=10465"},{"taxonomy":"product_brand","embeddable":true,"href":"https:\/\/www.fimarspa.it\/de\/wp-json\/wp\/v2\/product_brand?post=10465"},{"taxonomy":"product_cat","embeddable":true,"href":"https:\/\/www.fimarspa.it\/de\/wp-json\/wp\/v2\/product_cat?post=10465"},{"taxonomy":"product_tag","embeddable":true,"href":"https:\/\/www.fimarspa.it\/de\/wp-json\/wp\/v2\/product_tag?post=10465"}],"curies":[{"name":"wp","href":"https:\/\/api.w.org\/{rel}","templated":true}]}}