{"id":10553,"date":"2019-10-28T12:16:53","date_gmt":"2019-10-28T11:16:53","guid":{"rendered":"https:\/\/www.fimarspa.it\/prodotto\/impastatrice-spirale-12sn\/"},"modified":"2020-04-15T11:51:51","modified_gmt":"2020-04-15T09:51:51","slug":"spiralteigknetmaschine-12sn","status":"publish","type":"product","link":"https:\/\/www.fimarspa.it\/de\/prodotto\/spiralteigknetmaschine-12sn\/","title":{"rendered":"SPIRALTEIGKNETMASCHINE 12SN"},"content":{"rendered":"","protected":false},"excerpt":{"rendered":"<p>Spiralteigknetmaschine mit festem Kopf. Maschine zur Zubereitung verschiedener Teigarten, besonders geeignet f\u00fcr weiche Teige wie Brot, Pizza und Piadina. Struktur mit kratzfester Lackierung beschichtet &#8211; Teile, die mit Lebensmitteln in Ber\u00fchrung kommen, wie Sch\u00fcssel, Spirale und Teigknetstab, sind aus Edelstahl AISI 304 gefertigt. Sicherheitsmikroschalter am Beh\u00e4lterdeckel &#8211; Serienm\u00e4\u00dfig mit Rauchgrau Polycarbonat-Deckel. Auf Wunsch weitere Zusatzausstattungen, wie z. B. Gitterabdeckung aus Edelstahl AISI 304.<\/p>\n","protected":false},"featured_media":10546,"template":"","meta":[],"etheme_brands":[],"product_brand":[],"product_cat":[2383],"product_tag":[],"class_list":{"0":"post-10553","1":"product","2":"type-product","3":"status-publish","4":"has-post-thumbnail","6":"product_cat-cavalletti-per-forni-pizza","7":"pa_alimentazione-230v-1n-50hz-230-400v-3-50hz-de","8":"pa_dimensioni-della-vasca-l-16-l-o-320-x-210h-mm-de","9":"pa_dimensioni-imballo-700-x-460-x-770h-mm-con-timer-digitale-altezza-macchina-e-imballo-120-mm-de","10":"pa_dimensioni-imballo-with-digital-timer-height-machine-and-packaging-120mm-c----","11":"pa_dimensioni-macchina-650-x-350-x-600900h-mm-con-timer-digitale-altezza-macchina-e-imballo-120-mm-de","12":"pa_impasto-per-ciclo-kg-12-de","13":"pa_peso-lordo-kg-66-de","14":"pa_peso-netto-kg-56-de","15":"pa_potenza-kw-075-kw-1-hp-075-055-kw-1-075-hp-2nd-speed-optional-de","16":"pa_produzione-oraria-kg-h-36-kg-h-de","17":"pa_velocita-rpm-90-rpm-90-180-rpm-2nd-speed-optional-de","18":"pa_volume-imballo-m3-0-250-de","20":"first","21":"outofstock","22":"downloadable","23":"product-type-simple"},"yoast_head":"<!-- This site is optimized with the Yoast SEO plugin v26.5 - https:\/\/yoast.com\/wordpress\/plugins\/seo\/ -->\n<title>SPIRALTEIGKNETMASCHINE 12SN - Fimar<\/title>\n<meta name=\"robots\" content=\"index, follow, max-snippet:-1, max-image-preview:large, max-video-preview:-1\" \/>\n<link rel=\"canonical\" href=\"https:\/\/www.fimarspa.it\/de\/prodotto\/spiralteigknetmaschine-12sn\/\" \/>\n<meta property=\"og:locale\" content=\"de_DE\" \/>\n<meta property=\"og:type\" content=\"article\" \/>\n<meta property=\"og:title\" content=\"SPIRALTEIGKNETMASCHINE 12SN - Fimar\" \/>\n<meta property=\"og:description\" content=\"Spiralteigknetmaschine mit festem Kopf. Maschine zur Zubereitung verschiedener Teigarten, besonders geeignet f\u00fcr weiche Teige wie Brot, Pizza und Piadina. Struktur mit kratzfester Lackierung beschichtet - Teile, die mit Lebensmitteln in Ber\u00fchrung kommen, wie Sch\u00fcssel, Spirale und Teigknetstab, sind aus Edelstahl AISI 304 gefertigt. Sicherheitsmikroschalter am Beh\u00e4lterdeckel - Serienm\u00e4\u00dfig mit Rauchgrau Polycarbonat-Deckel. Auf Wunsch weitere Zusatzausstattungen, wie z. B. Gitterabdeckung aus Edelstahl AISI 304.\" \/>\n<meta property=\"og:url\" content=\"https:\/\/www.fimarspa.it\/de\/prodotto\/spiralteigknetmaschine-12sn\/\" \/>\n<meta property=\"og:site_name\" content=\"Fimar\" \/>\n<meta property=\"article:publisher\" content=\"https:\/\/www.facebook.com\/Fimarspa.it\" \/>\n<meta property=\"article:modified_time\" content=\"2020-04-15T09:51:51+00:00\" \/>\n<meta property=\"og:image\" content=\"https:\/\/www.fimarspa.it\/wp-content\/uploads\/2019\/10\/12SN-18SN_impastatrice_spirale_testa_fissa_rotary_kneader_fimar.jpg\" \/>\n\t<meta property=\"og:image:width\" content=\"668\" \/>\n\t<meta property=\"og:image:height\" content=\"750\" \/>\n\t<meta property=\"og:image:type\" content=\"image\/jpeg\" \/>\n<meta name=\"twitter:card\" content=\"summary_large_image\" \/>\n<script type=\"application\/ld+json\" class=\"yoast-schema-graph\">{\"@context\":\"https:\/\/schema.org\",\"@graph\":[{\"@type\":\"WebPage\",\"@id\":\"https:\/\/www.fimarspa.it\/de\/prodotto\/spiralteigknetmaschine-12sn\/\",\"url\":\"https:\/\/www.fimarspa.it\/de\/prodotto\/spiralteigknetmaschine-12sn\/\",\"name\":\"SPIRALTEIGKNETMASCHINE 12SN - Fimar\",\"isPartOf\":{\"@id\":\"https:\/\/www.fimarspa.it\/#website\"},\"primaryImageOfPage\":{\"@id\":\"https:\/\/www.fimarspa.it\/de\/prodotto\/spiralteigknetmaschine-12sn\/#primaryimage\"},\"image\":{\"@id\":\"https:\/\/www.fimarspa.it\/de\/prodotto\/spiralteigknetmaschine-12sn\/#primaryimage\"},\"thumbnailUrl\":\"https:\/\/www.fimarspa.it\/wp-content\/uploads\/2019\/10\/12SN-18SN_impastatrice_spirale_testa_fissa_rotary_kneader_fimar.jpg\",\"datePublished\":\"2019-10-28T11:16:53+00:00\",\"dateModified\":\"2020-04-15T09:51:51+00:00\",\"breadcrumb\":{\"@id\":\"https:\/\/www.fimarspa.it\/de\/prodotto\/spiralteigknetmaschine-12sn\/#breadcrumb\"},\"inLanguage\":\"de\",\"potentialAction\":[{\"@type\":\"ReadAction\",\"target\":[\"https:\/\/www.fimarspa.it\/de\/prodotto\/spiralteigknetmaschine-12sn\/\"]}]},{\"@type\":\"ImageObject\",\"inLanguage\":\"de\",\"@id\":\"https:\/\/www.fimarspa.it\/de\/prodotto\/spiralteigknetmaschine-12sn\/#primaryimage\",\"url\":\"https:\/\/www.fimarspa.it\/wp-content\/uploads\/2019\/10\/12SN-18SN_impastatrice_spirale_testa_fissa_rotary_kneader_fimar.jpg\",\"contentUrl\":\"https:\/\/www.fimarspa.it\/wp-content\/uploads\/2019\/10\/12SN-18SN_impastatrice_spirale_testa_fissa_rotary_kneader_fimar.jpg\",\"width\":668,\"height\":750},{\"@type\":\"BreadcrumbList\",\"@id\":\"https:\/\/www.fimarspa.it\/de\/prodotto\/spiralteigknetmaschine-12sn\/#breadcrumb\",\"itemListElement\":[{\"@type\":\"ListItem\",\"position\":1,\"name\":\"Home\",\"item\":\"https:\/\/www.fimarspa.it\/\"},{\"@type\":\"ListItem\",\"position\":2,\"name\":\"Shop\",\"item\":\"https:\/\/www.fimarspa.it\/de\/shop\/\"},{\"@type\":\"ListItem\",\"position\":3,\"name\":\"SPIRALTEIGKNETMASCHINE 12SN\"}]},{\"@type\":\"WebSite\",\"@id\":\"https:\/\/www.fimarspa.it\/#website\",\"url\":\"https:\/\/www.fimarspa.it\/\",\"name\":\"Fimar\",\"description\":\"Produzione di Attrezzature Professionali per la Ristorazione\",\"publisher\":{\"@id\":\"https:\/\/www.fimarspa.it\/#organization\"},\"potentialAction\":[{\"@type\":\"SearchAction\",\"target\":{\"@type\":\"EntryPoint\",\"urlTemplate\":\"https:\/\/www.fimarspa.it\/?s={search_term_string}\"},\"query-input\":{\"@type\":\"PropertyValueSpecification\",\"valueRequired\":true,\"valueName\":\"search_term_string\"}}],\"inLanguage\":\"de\"},{\"@type\":\"Organization\",\"@id\":\"https:\/\/www.fimarspa.it\/#organization\",\"name\":\"Fimar S.p.A.\",\"url\":\"https:\/\/www.fimarspa.it\/\",\"logo\":{\"@type\":\"ImageObject\",\"inLanguage\":\"de\",\"@id\":\"https:\/\/www.fimarspa.it\/#\/schema\/logo\/image\/\",\"url\":\"https:\/\/www.fimarspa.it\/wp-content\/uploads\/2019\/09\/logo-fimar.png\",\"contentUrl\":\"https:\/\/www.fimarspa.it\/wp-content\/uploads\/2019\/09\/logo-fimar.png\",\"width\":250,\"height\":88,\"caption\":\"Fimar S.p.A.\"},\"image\":{\"@id\":\"https:\/\/www.fimarspa.it\/#\/schema\/logo\/image\/\"},\"sameAs\":[\"https:\/\/www.facebook.com\/Fimarspa.it\",\"https:\/\/www.linkedin.com\/company\/fimar-group\/\",\"https:\/\/www.youtube.com\/user\/FimarSpa\"]}]}<\/script>\n<!-- \/ Yoast SEO plugin. -->","yoast_head_json":{"title":"SPIRALTEIGKNETMASCHINE 12SN - Fimar","robots":{"index":"index","follow":"follow","max-snippet":"max-snippet:-1","max-image-preview":"max-image-preview:large","max-video-preview":"max-video-preview:-1"},"canonical":"https:\/\/www.fimarspa.it\/de\/prodotto\/spiralteigknetmaschine-12sn\/","og_locale":"de_DE","og_type":"article","og_title":"SPIRALTEIGKNETMASCHINE 12SN - Fimar","og_description":"Spiralteigknetmaschine mit festem Kopf. Maschine zur Zubereitung verschiedener Teigarten, besonders geeignet f\u00fcr weiche Teige wie Brot, Pizza und Piadina. Struktur mit kratzfester Lackierung beschichtet - Teile, die mit Lebensmitteln in Ber\u00fchrung kommen, wie Sch\u00fcssel, Spirale und Teigknetstab, sind aus Edelstahl AISI 304 gefertigt. Sicherheitsmikroschalter am Beh\u00e4lterdeckel - Serienm\u00e4\u00dfig mit Rauchgrau Polycarbonat-Deckel. Auf Wunsch weitere Zusatzausstattungen, wie z. B. Gitterabdeckung aus Edelstahl AISI 304.","og_url":"https:\/\/www.fimarspa.it\/de\/prodotto\/spiralteigknetmaschine-12sn\/","og_site_name":"Fimar","article_publisher":"https:\/\/www.facebook.com\/Fimarspa.it","article_modified_time":"2020-04-15T09:51:51+00:00","og_image":[{"width":668,"height":750,"url":"https:\/\/www.fimarspa.it\/wp-content\/uploads\/2019\/10\/12SN-18SN_impastatrice_spirale_testa_fissa_rotary_kneader_fimar.jpg","type":"image\/jpeg"}],"twitter_card":"summary_large_image","schema":{"@context":"https:\/\/schema.org","@graph":[{"@type":"WebPage","@id":"https:\/\/www.fimarspa.it\/de\/prodotto\/spiralteigknetmaschine-12sn\/","url":"https:\/\/www.fimarspa.it\/de\/prodotto\/spiralteigknetmaschine-12sn\/","name":"SPIRALTEIGKNETMASCHINE 12SN - Fimar","isPartOf":{"@id":"https:\/\/www.fimarspa.it\/#website"},"primaryImageOfPage":{"@id":"https:\/\/www.fimarspa.it\/de\/prodotto\/spiralteigknetmaschine-12sn\/#primaryimage"},"image":{"@id":"https:\/\/www.fimarspa.it\/de\/prodotto\/spiralteigknetmaschine-12sn\/#primaryimage"},"thumbnailUrl":"https:\/\/www.fimarspa.it\/wp-content\/uploads\/2019\/10\/12SN-18SN_impastatrice_spirale_testa_fissa_rotary_kneader_fimar.jpg","datePublished":"2019-10-28T11:16:53+00:00","dateModified":"2020-04-15T09:51:51+00:00","breadcrumb":{"@id":"https:\/\/www.fimarspa.it\/de\/prodotto\/spiralteigknetmaschine-12sn\/#breadcrumb"},"inLanguage":"de","potentialAction":[{"@type":"ReadAction","target":["https:\/\/www.fimarspa.it\/de\/prodotto\/spiralteigknetmaschine-12sn\/"]}]},{"@type":"ImageObject","inLanguage":"de","@id":"https:\/\/www.fimarspa.it\/de\/prodotto\/spiralteigknetmaschine-12sn\/#primaryimage","url":"https:\/\/www.fimarspa.it\/wp-content\/uploads\/2019\/10\/12SN-18SN_impastatrice_spirale_testa_fissa_rotary_kneader_fimar.jpg","contentUrl":"https:\/\/www.fimarspa.it\/wp-content\/uploads\/2019\/10\/12SN-18SN_impastatrice_spirale_testa_fissa_rotary_kneader_fimar.jpg","width":668,"height":750},{"@type":"BreadcrumbList","@id":"https:\/\/www.fimarspa.it\/de\/prodotto\/spiralteigknetmaschine-12sn\/#breadcrumb","itemListElement":[{"@type":"ListItem","position":1,"name":"Home","item":"https:\/\/www.fimarspa.it\/"},{"@type":"ListItem","position":2,"name":"Shop","item":"https:\/\/www.fimarspa.it\/de\/shop\/"},{"@type":"ListItem","position":3,"name":"SPIRALTEIGKNETMASCHINE 12SN"}]},{"@type":"WebSite","@id":"https:\/\/www.fimarspa.it\/#website","url":"https:\/\/www.fimarspa.it\/","name":"Fimar","description":"Produzione di Attrezzature Professionali per la Ristorazione","publisher":{"@id":"https:\/\/www.fimarspa.it\/#organization"},"potentialAction":[{"@type":"SearchAction","target":{"@type":"EntryPoint","urlTemplate":"https:\/\/www.fimarspa.it\/?s={search_term_string}"},"query-input":{"@type":"PropertyValueSpecification","valueRequired":true,"valueName":"search_term_string"}}],"inLanguage":"de"},{"@type":"Organization","@id":"https:\/\/www.fimarspa.it\/#organization","name":"Fimar S.p.A.","url":"https:\/\/www.fimarspa.it\/","logo":{"@type":"ImageObject","inLanguage":"de","@id":"https:\/\/www.fimarspa.it\/#\/schema\/logo\/image\/","url":"https:\/\/www.fimarspa.it\/wp-content\/uploads\/2019\/09\/logo-fimar.png","contentUrl":"https:\/\/www.fimarspa.it\/wp-content\/uploads\/2019\/09\/logo-fimar.png","width":250,"height":88,"caption":"Fimar S.p.A."},"image":{"@id":"https:\/\/www.fimarspa.it\/#\/schema\/logo\/image\/"},"sameAs":["https:\/\/www.facebook.com\/Fimarspa.it","https:\/\/www.linkedin.com\/company\/fimar-group\/","https:\/\/www.youtube.com\/user\/FimarSpa"]}]}},"_links":{"self":[{"href":"https:\/\/www.fimarspa.it\/de\/wp-json\/wp\/v2\/product\/10553","targetHints":{"allow":["GET"]}}],"collection":[{"href":"https:\/\/www.fimarspa.it\/de\/wp-json\/wp\/v2\/product"}],"about":[{"href":"https:\/\/www.fimarspa.it\/de\/wp-json\/wp\/v2\/types\/product"}],"wp:featuredmedia":[{"embeddable":true,"href":"https:\/\/www.fimarspa.it\/de\/wp-json\/wp\/v2\/media\/10546"}],"wp:attachment":[{"href":"https:\/\/www.fimarspa.it\/de\/wp-json\/wp\/v2\/media?parent=10553"}],"wp:term":[{"taxonomy":"brand","embeddable":true,"href":"https:\/\/www.fimarspa.it\/de\/wp-json\/wp\/v2\/etheme_brands?post=10553"},{"taxonomy":"product_brand","embeddable":true,"href":"https:\/\/www.fimarspa.it\/de\/wp-json\/wp\/v2\/product_brand?post=10553"},{"taxonomy":"product_cat","embeddable":true,"href":"https:\/\/www.fimarspa.it\/de\/wp-json\/wp\/v2\/product_cat?post=10553"},{"taxonomy":"product_tag","embeddable":true,"href":"https:\/\/www.fimarspa.it\/de\/wp-json\/wp\/v2\/product_tag?post=10553"}],"curies":[{"name":"wp","href":"https:\/\/api.w.org\/{rel}","templated":true}]}}