{"id":10733,"date":"2019-10-28T10:29:43","date_gmt":"2019-10-28T09:29:43","guid":{"rendered":"https:\/\/www.fimarspa.it\/prodotto\/insaccatrici-manuali-lt70r\/"},"modified":"2024-02-16T14:03:12","modified_gmt":"2024-02-16T13:03:12","slug":"manuelle-wurstfuellmaschinen-lt7or","status":"publish","type":"product","link":"https:\/\/www.fimarspa.it\/de\/prodotto\/manuelle-wurstfuellmaschinen-lt7or\/","title":{"rendered":"MANUELLE WURSTF\u00dcLLMASCHINEN LT7OR"},"content":{"rendered":"","protected":false},"excerpt":{"rendered":"<p>Geh\u00e4use aus Edelstahl &#8211; Aluminiumkolben &#8211; 2 Geschwindigkeiten, langsam<br \/>\nf\u00fcr das Vorr\u00fccken des Kolbens, schnell f\u00fcr die R\u00fcckkehr &#8211; Ausstattung: 3<br \/>\nTrichter mit \u00f8 8 mm &#8211; 16,5 mm &#8211; 23,5 mm.<br \/>\nZubeh\u00f6r: Einf\u00fclltrichter-Satz, 3 St\u00fcck.<\/p>\n","protected":false},"featured_media":20289,"template":"","meta":[],"etheme_brands":[],"product_brand":[],"product_cat":[2655,2684],"product_tag":[3012,3428],"class_list":{"0":"post-10733","1":"product","2":"type-product","3":"status-publish","4":"has-post-thumbnail","6":"product_cat-fleischverarbeitung","7":"product_cat-manuelle-wurstfuellmaschinen","8":"product_tag-fleisch","9":"product_tag-manuelle-wurstfuellmaschinen","10":"pa_capacita-vasca-3-7-lt-o-155-x-330h-mm-de-2","11":"pa_dimensioni-imballo-800-x-350-x-480h-mm-de","12":"pa_dimensioni-macchina-1200-x-400-x400h-mm-de","13":"pa_peso-lordo-kg-29-de","14":"pa_peso-netto-kg-18-de","15":"pa_volume-imballo-m3-0-134-de","17":"first","18":"instock","19":"product-type-simple"},"yoast_head":"<!-- This site is optimized with the Yoast SEO plugin v26.5 - https:\/\/yoast.com\/wordpress\/plugins\/seo\/ -->\n<title>MANUELLE WURSTF\u00dcLLMASCHINEN LT7OR - Fimar<\/title>\n<meta name=\"robots\" content=\"index, follow, max-snippet:-1, max-image-preview:large, max-video-preview:-1\" \/>\n<link rel=\"canonical\" href=\"https:\/\/www.fimarspa.it\/prodotto\/insaccatrici-manuali-lt70r\/\" \/>\n<meta property=\"og:locale\" content=\"de_DE\" \/>\n<meta property=\"og:type\" content=\"article\" \/>\n<meta property=\"og:title\" content=\"MANUELLE WURSTF\u00dcLLMASCHINEN LT7OR - Fimar\" \/>\n<meta property=\"og:description\" content=\"Geh\u00e4use aus Edelstahl - Aluminiumkolben - 2 Geschwindigkeiten, langsam f\u00fcr das Vorr\u00fccken des Kolbens, schnell f\u00fcr die R\u00fcckkehr - Ausstattung: 3 Trichter mit \u00f8 8 mm - 16,5 mm - 23,5 mm. Zubeh\u00f6r: Einf\u00fclltrichter-Satz, 3 St\u00fcck.\" \/>\n<meta property=\"og:url\" content=\"https:\/\/www.fimarspa.it\/prodotto\/insaccatrici-manuali-lt70r\/\" \/>\n<meta property=\"og:site_name\" content=\"Fimar\" \/>\n<meta property=\"article:publisher\" content=\"https:\/\/www.facebook.com\/Fimarspa.it\" \/>\n<meta property=\"article:modified_time\" content=\"2024-02-16T13:03:12+00:00\" \/>\n<meta property=\"og:image\" content=\"https:\/\/www.fimarspa.it\/wp-content\/uploads\/2019\/10\/LT14OR_Insaccatrice_orizzontale_Fimar-1.jpg\" \/>\n\t<meta property=\"og:image:width\" content=\"800\" \/>\n\t<meta property=\"og:image:height\" content=\"800\" \/>\n\t<meta property=\"og:image:type\" content=\"image\/jpeg\" \/>\n<meta name=\"twitter:card\" content=\"summary_large_image\" \/>\n<script type=\"application\/ld+json\" class=\"yoast-schema-graph\">{\"@context\":\"https:\/\/schema.org\",\"@graph\":[{\"@type\":\"WebPage\",\"@id\":\"https:\/\/www.fimarspa.it\/prodotto\/insaccatrici-manuali-lt70r\/\",\"url\":\"https:\/\/www.fimarspa.it\/prodotto\/insaccatrici-manuali-lt70r\/\",\"name\":\"MANUELLE WURSTF\u00dcLLMASCHINEN LT7OR - Fimar\",\"isPartOf\":{\"@id\":\"https:\/\/www.fimarspa.it\/#website\"},\"primaryImageOfPage\":{\"@id\":\"https:\/\/www.fimarspa.it\/prodotto\/insaccatrici-manuali-lt70r\/#primaryimage\"},\"image\":{\"@id\":\"https:\/\/www.fimarspa.it\/prodotto\/insaccatrici-manuali-lt70r\/#primaryimage\"},\"thumbnailUrl\":\"https:\/\/www.fimarspa.it\/wp-content\/uploads\/2019\/10\/LT14OR_Insaccatrice_orizzontale_Fimar-2.jpg\",\"datePublished\":\"2019-10-28T09:29:43+00:00\",\"dateModified\":\"2024-02-16T13:03:12+00:00\",\"breadcrumb\":{\"@id\":\"https:\/\/www.fimarspa.it\/prodotto\/insaccatrici-manuali-lt70r\/#breadcrumb\"},\"inLanguage\":\"de\",\"potentialAction\":[{\"@type\":\"ReadAction\",\"target\":[\"https:\/\/www.fimarspa.it\/prodotto\/insaccatrici-manuali-lt70r\/\"]}]},{\"@type\":\"ImageObject\",\"inLanguage\":\"de\",\"@id\":\"https:\/\/www.fimarspa.it\/prodotto\/insaccatrici-manuali-lt70r\/#primaryimage\",\"url\":\"https:\/\/www.fimarspa.it\/wp-content\/uploads\/2019\/10\/LT14OR_Insaccatrice_orizzontale_Fimar-2.jpg\",\"contentUrl\":\"https:\/\/www.fimarspa.it\/wp-content\/uploads\/2019\/10\/LT14OR_Insaccatrice_orizzontale_Fimar-2.jpg\",\"width\":800,\"height\":800},{\"@type\":\"BreadcrumbList\",\"@id\":\"https:\/\/www.fimarspa.it\/prodotto\/insaccatrici-manuali-lt70r\/#breadcrumb\",\"itemListElement\":[{\"@type\":\"ListItem\",\"position\":1,\"name\":\"Home\",\"item\":\"https:\/\/www.fimarspa.it\/\"},{\"@type\":\"ListItem\",\"position\":2,\"name\":\"Shop\",\"item\":\"https:\/\/www.fimarspa.it\/de\/shop\/\"},{\"@type\":\"ListItem\",\"position\":3,\"name\":\"MANUELLE WURSTF\u00dcLLMASCHINEN LT7OR\"}]},{\"@type\":\"WebSite\",\"@id\":\"https:\/\/www.fimarspa.it\/#website\",\"url\":\"https:\/\/www.fimarspa.it\/\",\"name\":\"Fimar\",\"description\":\"Produzione di Attrezzature Professionali per la Ristorazione\",\"publisher\":{\"@id\":\"https:\/\/www.fimarspa.it\/#organization\"},\"potentialAction\":[{\"@type\":\"SearchAction\",\"target\":{\"@type\":\"EntryPoint\",\"urlTemplate\":\"https:\/\/www.fimarspa.it\/?s={search_term_string}\"},\"query-input\":{\"@type\":\"PropertyValueSpecification\",\"valueRequired\":true,\"valueName\":\"search_term_string\"}}],\"inLanguage\":\"de\"},{\"@type\":\"Organization\",\"@id\":\"https:\/\/www.fimarspa.it\/#organization\",\"name\":\"Fimar S.p.A.\",\"url\":\"https:\/\/www.fimarspa.it\/\",\"logo\":{\"@type\":\"ImageObject\",\"inLanguage\":\"de\",\"@id\":\"https:\/\/www.fimarspa.it\/#\/schema\/logo\/image\/\",\"url\":\"https:\/\/www.fimarspa.it\/wp-content\/uploads\/2019\/09\/logo-fimar.png\",\"contentUrl\":\"https:\/\/www.fimarspa.it\/wp-content\/uploads\/2019\/09\/logo-fimar.png\",\"width\":250,\"height\":88,\"caption\":\"Fimar S.p.A.\"},\"image\":{\"@id\":\"https:\/\/www.fimarspa.it\/#\/schema\/logo\/image\/\"},\"sameAs\":[\"https:\/\/www.facebook.com\/Fimarspa.it\",\"https:\/\/www.linkedin.com\/company\/fimar-group\/\",\"https:\/\/www.youtube.com\/user\/FimarSpa\"]}]}<\/script>\n<!-- \/ Yoast SEO plugin. -->","yoast_head_json":{"title":"MANUELLE WURSTF\u00dcLLMASCHINEN LT7OR - Fimar","robots":{"index":"index","follow":"follow","max-snippet":"max-snippet:-1","max-image-preview":"max-image-preview:large","max-video-preview":"max-video-preview:-1"},"canonical":"https:\/\/www.fimarspa.it\/prodotto\/insaccatrici-manuali-lt70r\/","og_locale":"de_DE","og_type":"article","og_title":"MANUELLE WURSTF\u00dcLLMASCHINEN LT7OR - Fimar","og_description":"Geh\u00e4use aus Edelstahl - Aluminiumkolben - 2 Geschwindigkeiten, langsam f\u00fcr das Vorr\u00fccken des Kolbens, schnell f\u00fcr die R\u00fcckkehr - Ausstattung: 3 Trichter mit \u00f8 8 mm - 16,5 mm - 23,5 mm. Zubeh\u00f6r: Einf\u00fclltrichter-Satz, 3 St\u00fcck.","og_url":"https:\/\/www.fimarspa.it\/prodotto\/insaccatrici-manuali-lt70r\/","og_site_name":"Fimar","article_publisher":"https:\/\/www.facebook.com\/Fimarspa.it","article_modified_time":"2024-02-16T13:03:12+00:00","og_image":[{"width":800,"height":800,"url":"https:\/\/www.fimarspa.it\/wp-content\/uploads\/2019\/10\/LT14OR_Insaccatrice_orizzontale_Fimar-1.jpg","type":"image\/jpeg"}],"twitter_card":"summary_large_image","schema":{"@context":"https:\/\/schema.org","@graph":[{"@type":"WebPage","@id":"https:\/\/www.fimarspa.it\/prodotto\/insaccatrici-manuali-lt70r\/","url":"https:\/\/www.fimarspa.it\/prodotto\/insaccatrici-manuali-lt70r\/","name":"MANUELLE WURSTF\u00dcLLMASCHINEN LT7OR - Fimar","isPartOf":{"@id":"https:\/\/www.fimarspa.it\/#website"},"primaryImageOfPage":{"@id":"https:\/\/www.fimarspa.it\/prodotto\/insaccatrici-manuali-lt70r\/#primaryimage"},"image":{"@id":"https:\/\/www.fimarspa.it\/prodotto\/insaccatrici-manuali-lt70r\/#primaryimage"},"thumbnailUrl":"https:\/\/www.fimarspa.it\/wp-content\/uploads\/2019\/10\/LT14OR_Insaccatrice_orizzontale_Fimar-2.jpg","datePublished":"2019-10-28T09:29:43+00:00","dateModified":"2024-02-16T13:03:12+00:00","breadcrumb":{"@id":"https:\/\/www.fimarspa.it\/prodotto\/insaccatrici-manuali-lt70r\/#breadcrumb"},"inLanguage":"de","potentialAction":[{"@type":"ReadAction","target":["https:\/\/www.fimarspa.it\/prodotto\/insaccatrici-manuali-lt70r\/"]}]},{"@type":"ImageObject","inLanguage":"de","@id":"https:\/\/www.fimarspa.it\/prodotto\/insaccatrici-manuali-lt70r\/#primaryimage","url":"https:\/\/www.fimarspa.it\/wp-content\/uploads\/2019\/10\/LT14OR_Insaccatrice_orizzontale_Fimar-2.jpg","contentUrl":"https:\/\/www.fimarspa.it\/wp-content\/uploads\/2019\/10\/LT14OR_Insaccatrice_orizzontale_Fimar-2.jpg","width":800,"height":800},{"@type":"BreadcrumbList","@id":"https:\/\/www.fimarspa.it\/prodotto\/insaccatrici-manuali-lt70r\/#breadcrumb","itemListElement":[{"@type":"ListItem","position":1,"name":"Home","item":"https:\/\/www.fimarspa.it\/"},{"@type":"ListItem","position":2,"name":"Shop","item":"https:\/\/www.fimarspa.it\/de\/shop\/"},{"@type":"ListItem","position":3,"name":"MANUELLE WURSTF\u00dcLLMASCHINEN LT7OR"}]},{"@type":"WebSite","@id":"https:\/\/www.fimarspa.it\/#website","url":"https:\/\/www.fimarspa.it\/","name":"Fimar","description":"Produzione di Attrezzature Professionali per la Ristorazione","publisher":{"@id":"https:\/\/www.fimarspa.it\/#organization"},"potentialAction":[{"@type":"SearchAction","target":{"@type":"EntryPoint","urlTemplate":"https:\/\/www.fimarspa.it\/?s={search_term_string}"},"query-input":{"@type":"PropertyValueSpecification","valueRequired":true,"valueName":"search_term_string"}}],"inLanguage":"de"},{"@type":"Organization","@id":"https:\/\/www.fimarspa.it\/#organization","name":"Fimar S.p.A.","url":"https:\/\/www.fimarspa.it\/","logo":{"@type":"ImageObject","inLanguage":"de","@id":"https:\/\/www.fimarspa.it\/#\/schema\/logo\/image\/","url":"https:\/\/www.fimarspa.it\/wp-content\/uploads\/2019\/09\/logo-fimar.png","contentUrl":"https:\/\/www.fimarspa.it\/wp-content\/uploads\/2019\/09\/logo-fimar.png","width":250,"height":88,"caption":"Fimar S.p.A."},"image":{"@id":"https:\/\/www.fimarspa.it\/#\/schema\/logo\/image\/"},"sameAs":["https:\/\/www.facebook.com\/Fimarspa.it","https:\/\/www.linkedin.com\/company\/fimar-group\/","https:\/\/www.youtube.com\/user\/FimarSpa"]}]}},"_links":{"self":[{"href":"https:\/\/www.fimarspa.it\/de\/wp-json\/wp\/v2\/product\/10733","targetHints":{"allow":["GET"]}}],"collection":[{"href":"https:\/\/www.fimarspa.it\/de\/wp-json\/wp\/v2\/product"}],"about":[{"href":"https:\/\/www.fimarspa.it\/de\/wp-json\/wp\/v2\/types\/product"}],"wp:featuredmedia":[{"embeddable":true,"href":"https:\/\/www.fimarspa.it\/de\/wp-json\/wp\/v2\/media\/20289"}],"wp:attachment":[{"href":"https:\/\/www.fimarspa.it\/de\/wp-json\/wp\/v2\/media?parent=10733"}],"wp:term":[{"taxonomy":"brand","embeddable":true,"href":"https:\/\/www.fimarspa.it\/de\/wp-json\/wp\/v2\/etheme_brands?post=10733"},{"taxonomy":"product_brand","embeddable":true,"href":"https:\/\/www.fimarspa.it\/de\/wp-json\/wp\/v2\/product_brand?post=10733"},{"taxonomy":"product_cat","embeddable":true,"href":"https:\/\/www.fimarspa.it\/de\/wp-json\/wp\/v2\/product_cat?post=10733"},{"taxonomy":"product_tag","embeddable":true,"href":"https:\/\/www.fimarspa.it\/de\/wp-json\/wp\/v2\/product_tag?post=10733"}],"curies":[{"name":"wp","href":"https:\/\/api.w.org\/{rel}","templated":true}]}}