{"id":12235,"date":"2019-10-28T12:17:13","date_gmt":"2019-10-28T11:17:13","guid":{"rendered":"https:\/\/www.fimarspa.it\/prodotto\/macchina-pasta-fresca-mpf4n\/"},"modified":"2024-02-16T13:39:53","modified_gmt":"2024-02-16T12:39:53","slug":"nudelmaschine-mpf4n","status":"publish","type":"product","link":"https:\/\/www.fimarspa.it\/de\/prodotto\/nudelmaschine-mpf4n\/","title":{"rendered":"NUDELMASCHINE MPF4N"},"content":{"rendered":"","protected":false},"excerpt":{"rendered":"<p>Knet- und Extrudiermaschine f\u00fcr Eimischungen in verschiedenen Formaten.<br \/>\nGeh\u00e4use mit kratzfester Lackierung beschichtet &#8211; Wanne, Spirale aus<br \/>\nMessing und Knethaken aus Edelstahl AISI 304 &#8211; Mikroschalter am Wannendeckel. Serien Ausstattung: Luftk\u00fchlung des Extrusionsbereichs und elektronischer Nudelschneider. \u00a0Zubeh\u00f6r: verschiedene Arten von Nudeleins\u00e4tze &#8211; Wagen und Beh\u00e4lter f\u00fcr frische Nudeln.<\/p>\n","protected":false},"featured_media":18352,"template":"","meta":[],"etheme_brands":[],"product_brand":[],"product_cat":[2696,2727],"product_tag":[3522,3456],"class_list":{"0":"post-12235","1":"product","2":"type-product","3":"status-publish","4":"has-post-thumbnail","6":"product_cat-teigverarbeitung","7":"product_cat-nudelmaschine","8":"product_tag-nudel","9":"product_tag-nudelmaschine","10":"pa_alimentazione-230-400v-3-50hz-de-2","11":"pa_dimensioni-imballo-460-x-740-x-670h-mm-de","12":"pa_dimensioni-macchina-350-x-760-x-450640h-mm-de","13":"pa_impasto-per-ciclo-kg-4-de","14":"pa_peso-lordo-kg-51-de","15":"pa_peso-netto-kg-42-de","16":"pa_potenza-kw-075-kw-1-hp-de","17":"pa_produzione-oraria-kg-h-13-kg-h-de","18":"pa_trafile-o-57-de","19":"pa_volume-imballo-m3-0-228-de","21":"first","22":"instock","23":"product-type-simple"},"yoast_head":"<!-- This site is optimized with the Yoast SEO plugin v26.5 - https:\/\/yoast.com\/wordpress\/plugins\/seo\/ -->\n<title>NUDELMASCHINE MPF4N - Fimar<\/title>\n<meta name=\"robots\" content=\"index, follow, max-snippet:-1, max-image-preview:large, max-video-preview:-1\" \/>\n<link rel=\"canonical\" href=\"https:\/\/www.fimarspa.it\/de\/prodotto\/nudelmaschine-mpf4n\/\" \/>\n<meta property=\"og:locale\" content=\"de_DE\" \/>\n<meta property=\"og:type\" content=\"article\" \/>\n<meta property=\"og:title\" content=\"NUDELMASCHINE MPF4N - Fimar\" \/>\n<meta property=\"og:description\" content=\"Knet- und Extrudiermaschine f\u00fcr Eimischungen in verschiedenen Formaten. Geh\u00e4use mit kratzfester Lackierung beschichtet - Wanne, Spirale aus Messing und Knethaken aus Edelstahl AISI 304 - Mikroschalter am Wannendeckel. Serien Ausstattung: Luftk\u00fchlung des Extrusionsbereichs und elektronischer Nudelschneider. \u00a0Zubeh\u00f6r: verschiedene Arten von Nudeleins\u00e4tze - Wagen und Beh\u00e4lter f\u00fcr frische Nudeln.\" \/>\n<meta property=\"og:url\" content=\"https:\/\/www.fimarspa.it\/de\/prodotto\/nudelmaschine-mpf4n\/\" \/>\n<meta property=\"og:site_name\" content=\"Fimar\" \/>\n<meta property=\"article:publisher\" content=\"https:\/\/www.facebook.com\/Fimarspa.it\" \/>\n<meta property=\"article:modified_time\" content=\"2024-02-16T12:39:53+00:00\" \/>\n<meta property=\"og:image\" content=\"https:\/\/www.fimarspa.it\/wp-content\/uploads\/2019\/10\/MPF4N_macchina_pasta_fresca_pastamachine_Fimar.jpg\" \/>\n\t<meta property=\"og:image:width\" content=\"800\" \/>\n\t<meta property=\"og:image:height\" content=\"800\" \/>\n\t<meta property=\"og:image:type\" content=\"image\/jpeg\" \/>\n<meta name=\"twitter:card\" content=\"summary_large_image\" \/>\n<script type=\"application\/ld+json\" class=\"yoast-schema-graph\">{\"@context\":\"https:\/\/schema.org\",\"@graph\":[{\"@type\":\"WebPage\",\"@id\":\"https:\/\/www.fimarspa.it\/de\/prodotto\/nudelmaschine-mpf4n\/\",\"url\":\"https:\/\/www.fimarspa.it\/de\/prodotto\/nudelmaschine-mpf4n\/\",\"name\":\"NUDELMASCHINE MPF4N - Fimar\",\"isPartOf\":{\"@id\":\"https:\/\/www.fimarspa.it\/#website\"},\"primaryImageOfPage\":{\"@id\":\"https:\/\/www.fimarspa.it\/de\/prodotto\/nudelmaschine-mpf4n\/#primaryimage\"},\"image\":{\"@id\":\"https:\/\/www.fimarspa.it\/de\/prodotto\/nudelmaschine-mpf4n\/#primaryimage\"},\"thumbnailUrl\":\"https:\/\/www.fimarspa.it\/wp-content\/uploads\/2019\/10\/MPF4N_macchina_pasta_fresca_pastamachine_Fimar.jpg\",\"datePublished\":\"2019-10-28T11:17:13+00:00\",\"dateModified\":\"2024-02-16T12:39:53+00:00\",\"breadcrumb\":{\"@id\":\"https:\/\/www.fimarspa.it\/de\/prodotto\/nudelmaschine-mpf4n\/#breadcrumb\"},\"inLanguage\":\"de\",\"potentialAction\":[{\"@type\":\"ReadAction\",\"target\":[\"https:\/\/www.fimarspa.it\/de\/prodotto\/nudelmaschine-mpf4n\/\"]}]},{\"@type\":\"ImageObject\",\"inLanguage\":\"de\",\"@id\":\"https:\/\/www.fimarspa.it\/de\/prodotto\/nudelmaschine-mpf4n\/#primaryimage\",\"url\":\"https:\/\/www.fimarspa.it\/wp-content\/uploads\/2019\/10\/MPF4N_macchina_pasta_fresca_pastamachine_Fimar.jpg\",\"contentUrl\":\"https:\/\/www.fimarspa.it\/wp-content\/uploads\/2019\/10\/MPF4N_macchina_pasta_fresca_pastamachine_Fimar.jpg\",\"width\":800,\"height\":800},{\"@type\":\"BreadcrumbList\",\"@id\":\"https:\/\/www.fimarspa.it\/de\/prodotto\/nudelmaschine-mpf4n\/#breadcrumb\",\"itemListElement\":[{\"@type\":\"ListItem\",\"position\":1,\"name\":\"Home\",\"item\":\"https:\/\/www.fimarspa.it\/\"},{\"@type\":\"ListItem\",\"position\":2,\"name\":\"Shop\",\"item\":\"https:\/\/www.fimarspa.it\/de\/shop\/\"},{\"@type\":\"ListItem\",\"position\":3,\"name\":\"NUDELMASCHINE MPF4N\"}]},{\"@type\":\"WebSite\",\"@id\":\"https:\/\/www.fimarspa.it\/#website\",\"url\":\"https:\/\/www.fimarspa.it\/\",\"name\":\"Fimar\",\"description\":\"Produzione di Attrezzature Professionali per la Ristorazione\",\"publisher\":{\"@id\":\"https:\/\/www.fimarspa.it\/#organization\"},\"potentialAction\":[{\"@type\":\"SearchAction\",\"target\":{\"@type\":\"EntryPoint\",\"urlTemplate\":\"https:\/\/www.fimarspa.it\/?s={search_term_string}\"},\"query-input\":{\"@type\":\"PropertyValueSpecification\",\"valueRequired\":true,\"valueName\":\"search_term_string\"}}],\"inLanguage\":\"de\"},{\"@type\":\"Organization\",\"@id\":\"https:\/\/www.fimarspa.it\/#organization\",\"name\":\"Fimar S.p.A.\",\"url\":\"https:\/\/www.fimarspa.it\/\",\"logo\":{\"@type\":\"ImageObject\",\"inLanguage\":\"de\",\"@id\":\"https:\/\/www.fimarspa.it\/#\/schema\/logo\/image\/\",\"url\":\"https:\/\/www.fimarspa.it\/wp-content\/uploads\/2019\/09\/logo-fimar.png\",\"contentUrl\":\"https:\/\/www.fimarspa.it\/wp-content\/uploads\/2019\/09\/logo-fimar.png\",\"width\":250,\"height\":88,\"caption\":\"Fimar S.p.A.\"},\"image\":{\"@id\":\"https:\/\/www.fimarspa.it\/#\/schema\/logo\/image\/\"},\"sameAs\":[\"https:\/\/www.facebook.com\/Fimarspa.it\",\"https:\/\/www.linkedin.com\/company\/fimar-group\/\",\"https:\/\/www.youtube.com\/user\/FimarSpa\"]}]}<\/script>\n<!-- \/ Yoast SEO plugin. -->","yoast_head_json":{"title":"NUDELMASCHINE MPF4N - Fimar","robots":{"index":"index","follow":"follow","max-snippet":"max-snippet:-1","max-image-preview":"max-image-preview:large","max-video-preview":"max-video-preview:-1"},"canonical":"https:\/\/www.fimarspa.it\/de\/prodotto\/nudelmaschine-mpf4n\/","og_locale":"de_DE","og_type":"article","og_title":"NUDELMASCHINE MPF4N - Fimar","og_description":"Knet- und Extrudiermaschine f\u00fcr Eimischungen in verschiedenen Formaten. Geh\u00e4use mit kratzfester Lackierung beschichtet - Wanne, Spirale aus Messing und Knethaken aus Edelstahl AISI 304 - Mikroschalter am Wannendeckel. Serien Ausstattung: Luftk\u00fchlung des Extrusionsbereichs und elektronischer Nudelschneider. \u00a0Zubeh\u00f6r: verschiedene Arten von Nudeleins\u00e4tze - Wagen und Beh\u00e4lter f\u00fcr frische Nudeln.","og_url":"https:\/\/www.fimarspa.it\/de\/prodotto\/nudelmaschine-mpf4n\/","og_site_name":"Fimar","article_publisher":"https:\/\/www.facebook.com\/Fimarspa.it","article_modified_time":"2024-02-16T12:39:53+00:00","og_image":[{"width":800,"height":800,"url":"https:\/\/www.fimarspa.it\/wp-content\/uploads\/2019\/10\/MPF4N_macchina_pasta_fresca_pastamachine_Fimar.jpg","type":"image\/jpeg"}],"twitter_card":"summary_large_image","schema":{"@context":"https:\/\/schema.org","@graph":[{"@type":"WebPage","@id":"https:\/\/www.fimarspa.it\/de\/prodotto\/nudelmaschine-mpf4n\/","url":"https:\/\/www.fimarspa.it\/de\/prodotto\/nudelmaschine-mpf4n\/","name":"NUDELMASCHINE MPF4N - Fimar","isPartOf":{"@id":"https:\/\/www.fimarspa.it\/#website"},"primaryImageOfPage":{"@id":"https:\/\/www.fimarspa.it\/de\/prodotto\/nudelmaschine-mpf4n\/#primaryimage"},"image":{"@id":"https:\/\/www.fimarspa.it\/de\/prodotto\/nudelmaschine-mpf4n\/#primaryimage"},"thumbnailUrl":"https:\/\/www.fimarspa.it\/wp-content\/uploads\/2019\/10\/MPF4N_macchina_pasta_fresca_pastamachine_Fimar.jpg","datePublished":"2019-10-28T11:17:13+00:00","dateModified":"2024-02-16T12:39:53+00:00","breadcrumb":{"@id":"https:\/\/www.fimarspa.it\/de\/prodotto\/nudelmaschine-mpf4n\/#breadcrumb"},"inLanguage":"de","potentialAction":[{"@type":"ReadAction","target":["https:\/\/www.fimarspa.it\/de\/prodotto\/nudelmaschine-mpf4n\/"]}]},{"@type":"ImageObject","inLanguage":"de","@id":"https:\/\/www.fimarspa.it\/de\/prodotto\/nudelmaschine-mpf4n\/#primaryimage","url":"https:\/\/www.fimarspa.it\/wp-content\/uploads\/2019\/10\/MPF4N_macchina_pasta_fresca_pastamachine_Fimar.jpg","contentUrl":"https:\/\/www.fimarspa.it\/wp-content\/uploads\/2019\/10\/MPF4N_macchina_pasta_fresca_pastamachine_Fimar.jpg","width":800,"height":800},{"@type":"BreadcrumbList","@id":"https:\/\/www.fimarspa.it\/de\/prodotto\/nudelmaschine-mpf4n\/#breadcrumb","itemListElement":[{"@type":"ListItem","position":1,"name":"Home","item":"https:\/\/www.fimarspa.it\/"},{"@type":"ListItem","position":2,"name":"Shop","item":"https:\/\/www.fimarspa.it\/de\/shop\/"},{"@type":"ListItem","position":3,"name":"NUDELMASCHINE MPF4N"}]},{"@type":"WebSite","@id":"https:\/\/www.fimarspa.it\/#website","url":"https:\/\/www.fimarspa.it\/","name":"Fimar","description":"Produzione di Attrezzature Professionali per la Ristorazione","publisher":{"@id":"https:\/\/www.fimarspa.it\/#organization"},"potentialAction":[{"@type":"SearchAction","target":{"@type":"EntryPoint","urlTemplate":"https:\/\/www.fimarspa.it\/?s={search_term_string}"},"query-input":{"@type":"PropertyValueSpecification","valueRequired":true,"valueName":"search_term_string"}}],"inLanguage":"de"},{"@type":"Organization","@id":"https:\/\/www.fimarspa.it\/#organization","name":"Fimar S.p.A.","url":"https:\/\/www.fimarspa.it\/","logo":{"@type":"ImageObject","inLanguage":"de","@id":"https:\/\/www.fimarspa.it\/#\/schema\/logo\/image\/","url":"https:\/\/www.fimarspa.it\/wp-content\/uploads\/2019\/09\/logo-fimar.png","contentUrl":"https:\/\/www.fimarspa.it\/wp-content\/uploads\/2019\/09\/logo-fimar.png","width":250,"height":88,"caption":"Fimar S.p.A."},"image":{"@id":"https:\/\/www.fimarspa.it\/#\/schema\/logo\/image\/"},"sameAs":["https:\/\/www.facebook.com\/Fimarspa.it","https:\/\/www.linkedin.com\/company\/fimar-group\/","https:\/\/www.youtube.com\/user\/FimarSpa"]}]}},"_links":{"self":[{"href":"https:\/\/www.fimarspa.it\/de\/wp-json\/wp\/v2\/product\/12235","targetHints":{"allow":["GET"]}}],"collection":[{"href":"https:\/\/www.fimarspa.it\/de\/wp-json\/wp\/v2\/product"}],"about":[{"href":"https:\/\/www.fimarspa.it\/de\/wp-json\/wp\/v2\/types\/product"}],"wp:featuredmedia":[{"embeddable":true,"href":"https:\/\/www.fimarspa.it\/de\/wp-json\/wp\/v2\/media\/18352"}],"wp:attachment":[{"href":"https:\/\/www.fimarspa.it\/de\/wp-json\/wp\/v2\/media?parent=12235"}],"wp:term":[{"taxonomy":"brand","embeddable":true,"href":"https:\/\/www.fimarspa.it\/de\/wp-json\/wp\/v2\/etheme_brands?post=12235"},{"taxonomy":"product_brand","embeddable":true,"href":"https:\/\/www.fimarspa.it\/de\/wp-json\/wp\/v2\/product_brand?post=12235"},{"taxonomy":"product_cat","embeddable":true,"href":"https:\/\/www.fimarspa.it\/de\/wp-json\/wp\/v2\/product_cat?post=12235"},{"taxonomy":"product_tag","embeddable":true,"href":"https:\/\/www.fimarspa.it\/de\/wp-json\/wp\/v2\/product_tag?post=12235"}],"curies":[{"name":"wp","href":"https:\/\/api.w.org\/{rel}","templated":true}]}}