{"id":12245,"date":"2019-10-28T12:17:03","date_gmt":"2019-10-28T11:17:03","guid":{"rendered":"https:\/\/www.fimarspa.it\/prodotto\/macchina-pasta-fresca-mpf25nc\/"},"modified":"2025-10-23T10:19:44","modified_gmt":"2025-10-23T08:19:44","slug":"nudelmaschine-mpf25cn","status":"publish","type":"product","link":"https:\/\/www.fimarspa.it\/de\/prodotto\/nudelmaschine-mpf25cn\/","title":{"rendered":"NUDELMASCHINE MPF25CN"},"content":{"rendered":"","protected":false},"excerpt":{"rendered":"<p>Knet- und Extrudiermaschine f\u00fcr Eimischungen in verschiedenen Formaten.<br \/>\nGeh\u00e4use mit kratzfester Lackierung beschichtet &#8211; Sch\u00fcssel, Spirale und<br \/>\nKnethaken aus Edelstahl AISI 304 &#8211; Mikroschalter am Beh\u00e4lterdeckel.<br \/>\nBeim Modell MPF25CN ist das elektronische Nudelschneidemesser im Preis<br \/>\ninbegriffen.<br \/>\nZubeh\u00f6r: verschiedene Arten von Nudeleins\u00e4tze &#8211; Wagen und Beh\u00e4lter f\u00fcr<br \/>\nfrische Nudeln.<\/p>\n","protected":false},"featured_media":18340,"template":"","meta":[],"etheme_brands":[],"product_brand":[],"product_cat":[2696,2727],"product_tag":[3522,3456],"class_list":{"0":"post-12245","1":"product","2":"type-product","3":"status-publish","4":"has-post-thumbnail","6":"product_cat-teigverarbeitung","7":"product_cat-nudelmaschine","8":"product_tag-nudel","9":"product_tag-nudelmaschine","10":"pa_alimentazione-230v-1n-50hz-de","11":"pa_dimensioni-imballo-370-x-720-x-580h-mm-de","12":"pa_dimensioni-macchina-260-x-600-x-380560h-mm-de","13":"pa_impasto-per-ciclo-kg-2-5-de","14":"pa_peso-lordo-kg-38-de","15":"pa_peso-netto-kg-32-de","16":"pa_potenza-kw-037-kw-05-hp-de","17":"pa_produzione-oraria-kg-h-8-kg-h-de","18":"pa_trafile-o-57-de","19":"pa_volume-imballo-m3-0-155-de","21":"first","22":"instock","23":"product-type-simple"},"yoast_head":"<!-- This site is optimized with the Yoast SEO plugin v26.5 - https:\/\/yoast.com\/wordpress\/plugins\/seo\/ -->\n<title>NUDELMASCHINE MPF25CN - Fimar<\/title>\n<meta name=\"description\" content=\"NUDELMASCHINE\" \/>\n<meta name=\"robots\" content=\"index, follow, max-snippet:-1, max-image-preview:large, max-video-preview:-1\" \/>\n<link rel=\"canonical\" href=\"https:\/\/www.fimarspa.it\/de\/prodotto\/nudelmaschine-mpf25cn\/\" \/>\n<meta property=\"og:locale\" content=\"de_DE\" \/>\n<meta property=\"og:type\" content=\"article\" \/>\n<meta property=\"og:title\" content=\"NUDELMASCHINE MPF25CN - Fimar\" \/>\n<meta property=\"og:description\" content=\"NUDELMASCHINE\" \/>\n<meta property=\"og:url\" content=\"https:\/\/www.fimarspa.it\/de\/prodotto\/nudelmaschine-mpf25cn\/\" \/>\n<meta property=\"og:site_name\" content=\"Fimar\" \/>\n<meta property=\"article:publisher\" content=\"https:\/\/www.facebook.com\/Fimarspa.it\" \/>\n<meta property=\"article:modified_time\" content=\"2025-10-23T08:19:44+00:00\" \/>\n<meta property=\"og:image\" content=\"https:\/\/www.fimarspa.it\/wp-content\/uploads\/2019\/10\/MPF25CN_macchina_pasta_fresca_pastamachine_Fimar.jpg\" \/>\n\t<meta property=\"og:image:width\" content=\"800\" \/>\n\t<meta property=\"og:image:height\" content=\"800\" \/>\n\t<meta property=\"og:image:type\" content=\"image\/jpeg\" \/>\n<meta name=\"twitter:card\" content=\"summary_large_image\" \/>\n<script type=\"application\/ld+json\" class=\"yoast-schema-graph\">{\"@context\":\"https:\/\/schema.org\",\"@graph\":[{\"@type\":\"WebPage\",\"@id\":\"https:\/\/www.fimarspa.it\/de\/prodotto\/nudelmaschine-mpf25cn\/\",\"url\":\"https:\/\/www.fimarspa.it\/de\/prodotto\/nudelmaschine-mpf25cn\/\",\"name\":\"NUDELMASCHINE MPF25CN - Fimar\",\"isPartOf\":{\"@id\":\"https:\/\/www.fimarspa.it\/#website\"},\"primaryImageOfPage\":{\"@id\":\"https:\/\/www.fimarspa.it\/de\/prodotto\/nudelmaschine-mpf25cn\/#primaryimage\"},\"image\":{\"@id\":\"https:\/\/www.fimarspa.it\/de\/prodotto\/nudelmaschine-mpf25cn\/#primaryimage\"},\"thumbnailUrl\":\"https:\/\/www.fimarspa.it\/wp-content\/uploads\/2019\/10\/MPF25CN_macchina_pasta_fresca_pastamachine_Fimar.jpg\",\"datePublished\":\"2019-10-28T11:17:03+00:00\",\"dateModified\":\"2025-10-23T08:19:44+00:00\",\"description\":\"NUDELMASCHINE\",\"breadcrumb\":{\"@id\":\"https:\/\/www.fimarspa.it\/de\/prodotto\/nudelmaschine-mpf25cn\/#breadcrumb\"},\"inLanguage\":\"de\",\"potentialAction\":[{\"@type\":\"ReadAction\",\"target\":[\"https:\/\/www.fimarspa.it\/de\/prodotto\/nudelmaschine-mpf25cn\/\"]}]},{\"@type\":\"ImageObject\",\"inLanguage\":\"de\",\"@id\":\"https:\/\/www.fimarspa.it\/de\/prodotto\/nudelmaschine-mpf25cn\/#primaryimage\",\"url\":\"https:\/\/www.fimarspa.it\/wp-content\/uploads\/2019\/10\/MPF25CN_macchina_pasta_fresca_pastamachine_Fimar.jpg\",\"contentUrl\":\"https:\/\/www.fimarspa.it\/wp-content\/uploads\/2019\/10\/MPF25CN_macchina_pasta_fresca_pastamachine_Fimar.jpg\",\"width\":800,\"height\":800},{\"@type\":\"BreadcrumbList\",\"@id\":\"https:\/\/www.fimarspa.it\/de\/prodotto\/nudelmaschine-mpf25cn\/#breadcrumb\",\"itemListElement\":[{\"@type\":\"ListItem\",\"position\":1,\"name\":\"Home\",\"item\":\"https:\/\/www.fimarspa.it\/\"},{\"@type\":\"ListItem\",\"position\":2,\"name\":\"Shop\",\"item\":\"https:\/\/www.fimarspa.it\/de\/shop\/\"},{\"@type\":\"ListItem\",\"position\":3,\"name\":\"NUDELMASCHINE MPF25CN\"}]},{\"@type\":\"WebSite\",\"@id\":\"https:\/\/www.fimarspa.it\/#website\",\"url\":\"https:\/\/www.fimarspa.it\/\",\"name\":\"Fimar\",\"description\":\"Produzione di Attrezzature Professionali per la Ristorazione\",\"publisher\":{\"@id\":\"https:\/\/www.fimarspa.it\/#organization\"},\"potentialAction\":[{\"@type\":\"SearchAction\",\"target\":{\"@type\":\"EntryPoint\",\"urlTemplate\":\"https:\/\/www.fimarspa.it\/?s={search_term_string}\"},\"query-input\":{\"@type\":\"PropertyValueSpecification\",\"valueRequired\":true,\"valueName\":\"search_term_string\"}}],\"inLanguage\":\"de\"},{\"@type\":\"Organization\",\"@id\":\"https:\/\/www.fimarspa.it\/#organization\",\"name\":\"Fimar S.p.A.\",\"url\":\"https:\/\/www.fimarspa.it\/\",\"logo\":{\"@type\":\"ImageObject\",\"inLanguage\":\"de\",\"@id\":\"https:\/\/www.fimarspa.it\/#\/schema\/logo\/image\/\",\"url\":\"https:\/\/www.fimarspa.it\/wp-content\/uploads\/2019\/09\/logo-fimar.png\",\"contentUrl\":\"https:\/\/www.fimarspa.it\/wp-content\/uploads\/2019\/09\/logo-fimar.png\",\"width\":250,\"height\":88,\"caption\":\"Fimar S.p.A.\"},\"image\":{\"@id\":\"https:\/\/www.fimarspa.it\/#\/schema\/logo\/image\/\"},\"sameAs\":[\"https:\/\/www.facebook.com\/Fimarspa.it\",\"https:\/\/www.linkedin.com\/company\/fimar-group\/\",\"https:\/\/www.youtube.com\/user\/FimarSpa\"]}]}<\/script>\n<!-- \/ Yoast SEO plugin. -->","yoast_head_json":{"title":"NUDELMASCHINE MPF25CN - Fimar","description":"NUDELMASCHINE","robots":{"index":"index","follow":"follow","max-snippet":"max-snippet:-1","max-image-preview":"max-image-preview:large","max-video-preview":"max-video-preview:-1"},"canonical":"https:\/\/www.fimarspa.it\/de\/prodotto\/nudelmaschine-mpf25cn\/","og_locale":"de_DE","og_type":"article","og_title":"NUDELMASCHINE MPF25CN - Fimar","og_description":"NUDELMASCHINE","og_url":"https:\/\/www.fimarspa.it\/de\/prodotto\/nudelmaschine-mpf25cn\/","og_site_name":"Fimar","article_publisher":"https:\/\/www.facebook.com\/Fimarspa.it","article_modified_time":"2025-10-23T08:19:44+00:00","og_image":[{"width":800,"height":800,"url":"https:\/\/www.fimarspa.it\/wp-content\/uploads\/2019\/10\/MPF25CN_macchina_pasta_fresca_pastamachine_Fimar.jpg","type":"image\/jpeg"}],"twitter_card":"summary_large_image","schema":{"@context":"https:\/\/schema.org","@graph":[{"@type":"WebPage","@id":"https:\/\/www.fimarspa.it\/de\/prodotto\/nudelmaschine-mpf25cn\/","url":"https:\/\/www.fimarspa.it\/de\/prodotto\/nudelmaschine-mpf25cn\/","name":"NUDELMASCHINE MPF25CN - Fimar","isPartOf":{"@id":"https:\/\/www.fimarspa.it\/#website"},"primaryImageOfPage":{"@id":"https:\/\/www.fimarspa.it\/de\/prodotto\/nudelmaschine-mpf25cn\/#primaryimage"},"image":{"@id":"https:\/\/www.fimarspa.it\/de\/prodotto\/nudelmaschine-mpf25cn\/#primaryimage"},"thumbnailUrl":"https:\/\/www.fimarspa.it\/wp-content\/uploads\/2019\/10\/MPF25CN_macchina_pasta_fresca_pastamachine_Fimar.jpg","datePublished":"2019-10-28T11:17:03+00:00","dateModified":"2025-10-23T08:19:44+00:00","description":"NUDELMASCHINE","breadcrumb":{"@id":"https:\/\/www.fimarspa.it\/de\/prodotto\/nudelmaschine-mpf25cn\/#breadcrumb"},"inLanguage":"de","potentialAction":[{"@type":"ReadAction","target":["https:\/\/www.fimarspa.it\/de\/prodotto\/nudelmaschine-mpf25cn\/"]}]},{"@type":"ImageObject","inLanguage":"de","@id":"https:\/\/www.fimarspa.it\/de\/prodotto\/nudelmaschine-mpf25cn\/#primaryimage","url":"https:\/\/www.fimarspa.it\/wp-content\/uploads\/2019\/10\/MPF25CN_macchina_pasta_fresca_pastamachine_Fimar.jpg","contentUrl":"https:\/\/www.fimarspa.it\/wp-content\/uploads\/2019\/10\/MPF25CN_macchina_pasta_fresca_pastamachine_Fimar.jpg","width":800,"height":800},{"@type":"BreadcrumbList","@id":"https:\/\/www.fimarspa.it\/de\/prodotto\/nudelmaschine-mpf25cn\/#breadcrumb","itemListElement":[{"@type":"ListItem","position":1,"name":"Home","item":"https:\/\/www.fimarspa.it\/"},{"@type":"ListItem","position":2,"name":"Shop","item":"https:\/\/www.fimarspa.it\/de\/shop\/"},{"@type":"ListItem","position":3,"name":"NUDELMASCHINE MPF25CN"}]},{"@type":"WebSite","@id":"https:\/\/www.fimarspa.it\/#website","url":"https:\/\/www.fimarspa.it\/","name":"Fimar","description":"Produzione di Attrezzature Professionali per la Ristorazione","publisher":{"@id":"https:\/\/www.fimarspa.it\/#organization"},"potentialAction":[{"@type":"SearchAction","target":{"@type":"EntryPoint","urlTemplate":"https:\/\/www.fimarspa.it\/?s={search_term_string}"},"query-input":{"@type":"PropertyValueSpecification","valueRequired":true,"valueName":"search_term_string"}}],"inLanguage":"de"},{"@type":"Organization","@id":"https:\/\/www.fimarspa.it\/#organization","name":"Fimar S.p.A.","url":"https:\/\/www.fimarspa.it\/","logo":{"@type":"ImageObject","inLanguage":"de","@id":"https:\/\/www.fimarspa.it\/#\/schema\/logo\/image\/","url":"https:\/\/www.fimarspa.it\/wp-content\/uploads\/2019\/09\/logo-fimar.png","contentUrl":"https:\/\/www.fimarspa.it\/wp-content\/uploads\/2019\/09\/logo-fimar.png","width":250,"height":88,"caption":"Fimar S.p.A."},"image":{"@id":"https:\/\/www.fimarspa.it\/#\/schema\/logo\/image\/"},"sameAs":["https:\/\/www.facebook.com\/Fimarspa.it","https:\/\/www.linkedin.com\/company\/fimar-group\/","https:\/\/www.youtube.com\/user\/FimarSpa"]}]}},"_links":{"self":[{"href":"https:\/\/www.fimarspa.it\/de\/wp-json\/wp\/v2\/product\/12245","targetHints":{"allow":["GET"]}}],"collection":[{"href":"https:\/\/www.fimarspa.it\/de\/wp-json\/wp\/v2\/product"}],"about":[{"href":"https:\/\/www.fimarspa.it\/de\/wp-json\/wp\/v2\/types\/product"}],"wp:featuredmedia":[{"embeddable":true,"href":"https:\/\/www.fimarspa.it\/de\/wp-json\/wp\/v2\/media\/18340"}],"wp:attachment":[{"href":"https:\/\/www.fimarspa.it\/de\/wp-json\/wp\/v2\/media?parent=12245"}],"wp:term":[{"taxonomy":"brand","embeddable":true,"href":"https:\/\/www.fimarspa.it\/de\/wp-json\/wp\/v2\/etheme_brands?post=12245"},{"taxonomy":"product_brand","embeddable":true,"href":"https:\/\/www.fimarspa.it\/de\/wp-json\/wp\/v2\/product_brand?post=12245"},{"taxonomy":"product_cat","embeddable":true,"href":"https:\/\/www.fimarspa.it\/de\/wp-json\/wp\/v2\/product_cat?post=12245"},{"taxonomy":"product_tag","embeddable":true,"href":"https:\/\/www.fimarspa.it\/de\/wp-json\/wp\/v2\/product_tag?post=12245"}],"curies":[{"name":"wp","href":"https:\/\/api.w.org\/{rel}","templated":true}]}}