{"id":9507,"date":"2019-10-29T10:28:33","date_gmt":"2019-10-29T09:28:33","guid":{"rendered":"https:\/\/www.fimarspa.it\/prodotto\/tagliaverdura-tv4000\/"},"modified":"2020-04-14T11:26:48","modified_gmt":"2020-04-14T09:26:48","slug":"tagliaverdura-tv4000","status":"publish","type":"product","link":"https:\/\/www.fimarspa.it\/de\/prodotto\/tagliaverdura-tv4000\/","title":{"rendered":"GEM\u00dcSESCHNEIDER TV4000"},"content":{"rendered":"","protected":false},"excerpt":{"rendered":"<p>Maschine zum Schneiden und Reiben.<br \/>TV4000 &#8220;L&#8217;ortolana&#8221;: Geh\u00e4use, Einf\u00fchr\u00f6ffnung und Auffangbeh\u00e4lter aus Edelstahl AISI 304 &#8211; Sicherheitsmikroschalter an Griff, Einf\u00fchr\u00f6ffnung und Beh\u00e4lter &#8211; doppelter Einf\u00fchr\u00f6ffnung f\u00fcr Produkteinf\u00fchrung &#8211; ovale Einf\u00fchr\u00f6ffnung ~ 150&#215;70 mm &#8211; runde Einf\u00fchr\u00f6ffnung \u00f8 56 mm- Druckknopf. Das verarbeitete Produkt f\u00e4llt direkt in den Sammelbeh\u00e4lter, ohne dass die Auswurfscheibe verwendet werden muss, wodurch die Integrit\u00e4t des Produkts erhalten bleibt.<\/p>\n","protected":false},"featured_media":20443,"template":"","meta":[],"etheme_brands":[],"product_brand":[],"product_cat":[2746,2834],"product_tag":[3771,3703],"class_list":{"0":"post-9507","1":"product","2":"type-product","3":"status-publish","4":"has-post-thumbnail","6":"product_cat-schneiden-schaelen-und-lagern","7":"product_cat-gemueseschneider","8":"product_tag-gemuese","9":"product_tag-gemueseschneider","10":"pa_alimentazione-230-400v-3n-50hz-de","11":"pa_alimentazione-230v-1n-50-hz-de","12":"pa_capacita-della-pentola-o-240-x-165h-mm-740-lt-de","13":"pa_dimensioni-della-bocca-bocca-ovale-150x70-mm-bocca-tonda-o-56-mm-de","14":"pa_dimensioni-imballo-370-x-670-x-630h-mm-de","15":"pa_dimensioni-macchina-280-x-630-x-550h-mm-de","16":"pa_peso-lordo-kg-31-de","17":"pa_peso-netto-kg-29-de","18":"pa_potenza-kw-045-kw-06-hp-de","19":"pa_velocita-rpm-310-de","20":"pa_volume-imballo-m3-0-156-de","22":"first","23":"instock","24":"product-type-simple"},"yoast_head":"<!-- This site is optimized with the Yoast SEO plugin v26.5 - https:\/\/yoast.com\/wordpress\/plugins\/seo\/ -->\n<title>GEM\u00dcSESCHNEIDER TV4000 - Fimar<\/title>\n<meta name=\"robots\" content=\"index, follow, max-snippet:-1, max-image-preview:large, max-video-preview:-1\" \/>\n<link rel=\"canonical\" href=\"https:\/\/www.fimarspa.it\/de\/prodotto\/tagliaverdura-tv4000\/\" \/>\n<meta property=\"og:locale\" content=\"de_DE\" \/>\n<meta property=\"og:type\" content=\"article\" \/>\n<meta property=\"og:title\" content=\"GEM\u00dcSESCHNEIDER TV4000 - Fimar\" \/>\n<meta property=\"og:description\" content=\"Maschine zum Schneiden und Reiben.TV4000 &quot;L&#039;ortolana&quot;: Geh\u00e4use, Einf\u00fchr\u00f6ffnung und Auffangbeh\u00e4lter aus Edelstahl AISI 304 - Sicherheitsmikroschalter an Griff, Einf\u00fchr\u00f6ffnung und Beh\u00e4lter - doppelter Einf\u00fchr\u00f6ffnung f\u00fcr Produkteinf\u00fchrung - ovale Einf\u00fchr\u00f6ffnung ~ 150x70 mm - runde Einf\u00fchr\u00f6ffnung \u00f8 56 mm- Druckknopf. Das verarbeitete Produkt f\u00e4llt direkt in den Sammelbeh\u00e4lter, ohne dass die Auswurfscheibe verwendet werden muss, wodurch die Integrit\u00e4t des Produkts erhalten bleibt.\" \/>\n<meta property=\"og:url\" content=\"https:\/\/www.fimarspa.it\/de\/prodotto\/tagliaverdura-tv4000\/\" \/>\n<meta property=\"og:site_name\" content=\"Fimar\" \/>\n<meta property=\"article:publisher\" content=\"https:\/\/www.facebook.com\/Fimarspa.it\" \/>\n<meta property=\"article:modified_time\" content=\"2020-04-14T09:26:48+00:00\" \/>\n<meta property=\"og:image\" content=\"https:\/\/www.fimarspa.it\/wp-content\/uploads\/2019\/10\/TV4000_Tagliaverdura-vegetablecutter_Fimar.jpg\" \/>\n\t<meta property=\"og:image:width\" content=\"800\" \/>\n\t<meta property=\"og:image:height\" content=\"800\" \/>\n\t<meta property=\"og:image:type\" content=\"image\/jpeg\" \/>\n<meta name=\"twitter:card\" content=\"summary_large_image\" \/>\n<script type=\"application\/ld+json\" class=\"yoast-schema-graph\">{\"@context\":\"https:\/\/schema.org\",\"@graph\":[{\"@type\":\"WebPage\",\"@id\":\"https:\/\/www.fimarspa.it\/de\/prodotto\/tagliaverdura-tv4000\/\",\"url\":\"https:\/\/www.fimarspa.it\/de\/prodotto\/tagliaverdura-tv4000\/\",\"name\":\"GEM\u00dcSESCHNEIDER TV4000 - Fimar\",\"isPartOf\":{\"@id\":\"https:\/\/www.fimarspa.it\/#website\"},\"primaryImageOfPage\":{\"@id\":\"https:\/\/www.fimarspa.it\/de\/prodotto\/tagliaverdura-tv4000\/#primaryimage\"},\"image\":{\"@id\":\"https:\/\/www.fimarspa.it\/de\/prodotto\/tagliaverdura-tv4000\/#primaryimage\"},\"thumbnailUrl\":\"https:\/\/www.fimarspa.it\/wp-content\/uploads\/2019\/10\/TV4000_Tagliaverdura-vegetablecutter_Fimar.jpg\",\"datePublished\":\"2019-10-29T09:28:33+00:00\",\"dateModified\":\"2020-04-14T09:26:48+00:00\",\"breadcrumb\":{\"@id\":\"https:\/\/www.fimarspa.it\/de\/prodotto\/tagliaverdura-tv4000\/#breadcrumb\"},\"inLanguage\":\"de\",\"potentialAction\":[{\"@type\":\"ReadAction\",\"target\":[\"https:\/\/www.fimarspa.it\/de\/prodotto\/tagliaverdura-tv4000\/\"]}]},{\"@type\":\"ImageObject\",\"inLanguage\":\"de\",\"@id\":\"https:\/\/www.fimarspa.it\/de\/prodotto\/tagliaverdura-tv4000\/#primaryimage\",\"url\":\"https:\/\/www.fimarspa.it\/wp-content\/uploads\/2019\/10\/TV4000_Tagliaverdura-vegetablecutter_Fimar.jpg\",\"contentUrl\":\"https:\/\/www.fimarspa.it\/wp-content\/uploads\/2019\/10\/TV4000_Tagliaverdura-vegetablecutter_Fimar.jpg\",\"width\":800,\"height\":800},{\"@type\":\"BreadcrumbList\",\"@id\":\"https:\/\/www.fimarspa.it\/de\/prodotto\/tagliaverdura-tv4000\/#breadcrumb\",\"itemListElement\":[{\"@type\":\"ListItem\",\"position\":1,\"name\":\"Home\",\"item\":\"https:\/\/www.fimarspa.it\/\"},{\"@type\":\"ListItem\",\"position\":2,\"name\":\"Shop\",\"item\":\"https:\/\/www.fimarspa.it\/de\/shop\/\"},{\"@type\":\"ListItem\",\"position\":3,\"name\":\"GEM\u00dcSESCHNEIDER TV4000\"}]},{\"@type\":\"WebSite\",\"@id\":\"https:\/\/www.fimarspa.it\/#website\",\"url\":\"https:\/\/www.fimarspa.it\/\",\"name\":\"Fimar\",\"description\":\"Produzione di Attrezzature Professionali per la Ristorazione\",\"publisher\":{\"@id\":\"https:\/\/www.fimarspa.it\/#organization\"},\"potentialAction\":[{\"@type\":\"SearchAction\",\"target\":{\"@type\":\"EntryPoint\",\"urlTemplate\":\"https:\/\/www.fimarspa.it\/?s={search_term_string}\"},\"query-input\":{\"@type\":\"PropertyValueSpecification\",\"valueRequired\":true,\"valueName\":\"search_term_string\"}}],\"inLanguage\":\"de\"},{\"@type\":\"Organization\",\"@id\":\"https:\/\/www.fimarspa.it\/#organization\",\"name\":\"Fimar S.p.A.\",\"url\":\"https:\/\/www.fimarspa.it\/\",\"logo\":{\"@type\":\"ImageObject\",\"inLanguage\":\"de\",\"@id\":\"https:\/\/www.fimarspa.it\/#\/schema\/logo\/image\/\",\"url\":\"https:\/\/www.fimarspa.it\/wp-content\/uploads\/2019\/09\/logo-fimar.png\",\"contentUrl\":\"https:\/\/www.fimarspa.it\/wp-content\/uploads\/2019\/09\/logo-fimar.png\",\"width\":250,\"height\":88,\"caption\":\"Fimar S.p.A.\"},\"image\":{\"@id\":\"https:\/\/www.fimarspa.it\/#\/schema\/logo\/image\/\"},\"sameAs\":[\"https:\/\/www.facebook.com\/Fimarspa.it\",\"https:\/\/www.linkedin.com\/company\/fimar-group\/\",\"https:\/\/www.youtube.com\/user\/FimarSpa\"]}]}<\/script>\n<!-- \/ Yoast SEO plugin. -->","yoast_head_json":{"title":"GEM\u00dcSESCHNEIDER TV4000 - Fimar","robots":{"index":"index","follow":"follow","max-snippet":"max-snippet:-1","max-image-preview":"max-image-preview:large","max-video-preview":"max-video-preview:-1"},"canonical":"https:\/\/www.fimarspa.it\/de\/prodotto\/tagliaverdura-tv4000\/","og_locale":"de_DE","og_type":"article","og_title":"GEM\u00dcSESCHNEIDER TV4000 - Fimar","og_description":"Maschine zum Schneiden und Reiben.TV4000 \"L'ortolana\": Geh\u00e4use, Einf\u00fchr\u00f6ffnung und Auffangbeh\u00e4lter aus Edelstahl AISI 304 - Sicherheitsmikroschalter an Griff, Einf\u00fchr\u00f6ffnung und Beh\u00e4lter - doppelter Einf\u00fchr\u00f6ffnung f\u00fcr Produkteinf\u00fchrung - ovale Einf\u00fchr\u00f6ffnung ~ 150x70 mm - runde Einf\u00fchr\u00f6ffnung \u00f8 56 mm- Druckknopf. Das verarbeitete Produkt f\u00e4llt direkt in den Sammelbeh\u00e4lter, ohne dass die Auswurfscheibe verwendet werden muss, wodurch die Integrit\u00e4t des Produkts erhalten bleibt.","og_url":"https:\/\/www.fimarspa.it\/de\/prodotto\/tagliaverdura-tv4000\/","og_site_name":"Fimar","article_publisher":"https:\/\/www.facebook.com\/Fimarspa.it","article_modified_time":"2020-04-14T09:26:48+00:00","og_image":[{"width":800,"height":800,"url":"https:\/\/www.fimarspa.it\/wp-content\/uploads\/2019\/10\/TV4000_Tagliaverdura-vegetablecutter_Fimar.jpg","type":"image\/jpeg"}],"twitter_card":"summary_large_image","schema":{"@context":"https:\/\/schema.org","@graph":[{"@type":"WebPage","@id":"https:\/\/www.fimarspa.it\/de\/prodotto\/tagliaverdura-tv4000\/","url":"https:\/\/www.fimarspa.it\/de\/prodotto\/tagliaverdura-tv4000\/","name":"GEM\u00dcSESCHNEIDER TV4000 - Fimar","isPartOf":{"@id":"https:\/\/www.fimarspa.it\/#website"},"primaryImageOfPage":{"@id":"https:\/\/www.fimarspa.it\/de\/prodotto\/tagliaverdura-tv4000\/#primaryimage"},"image":{"@id":"https:\/\/www.fimarspa.it\/de\/prodotto\/tagliaverdura-tv4000\/#primaryimage"},"thumbnailUrl":"https:\/\/www.fimarspa.it\/wp-content\/uploads\/2019\/10\/TV4000_Tagliaverdura-vegetablecutter_Fimar.jpg","datePublished":"2019-10-29T09:28:33+00:00","dateModified":"2020-04-14T09:26:48+00:00","breadcrumb":{"@id":"https:\/\/www.fimarspa.it\/de\/prodotto\/tagliaverdura-tv4000\/#breadcrumb"},"inLanguage":"de","potentialAction":[{"@type":"ReadAction","target":["https:\/\/www.fimarspa.it\/de\/prodotto\/tagliaverdura-tv4000\/"]}]},{"@type":"ImageObject","inLanguage":"de","@id":"https:\/\/www.fimarspa.it\/de\/prodotto\/tagliaverdura-tv4000\/#primaryimage","url":"https:\/\/www.fimarspa.it\/wp-content\/uploads\/2019\/10\/TV4000_Tagliaverdura-vegetablecutter_Fimar.jpg","contentUrl":"https:\/\/www.fimarspa.it\/wp-content\/uploads\/2019\/10\/TV4000_Tagliaverdura-vegetablecutter_Fimar.jpg","width":800,"height":800},{"@type":"BreadcrumbList","@id":"https:\/\/www.fimarspa.it\/de\/prodotto\/tagliaverdura-tv4000\/#breadcrumb","itemListElement":[{"@type":"ListItem","position":1,"name":"Home","item":"https:\/\/www.fimarspa.it\/"},{"@type":"ListItem","position":2,"name":"Shop","item":"https:\/\/www.fimarspa.it\/de\/shop\/"},{"@type":"ListItem","position":3,"name":"GEM\u00dcSESCHNEIDER TV4000"}]},{"@type":"WebSite","@id":"https:\/\/www.fimarspa.it\/#website","url":"https:\/\/www.fimarspa.it\/","name":"Fimar","description":"Produzione di Attrezzature Professionali per la Ristorazione","publisher":{"@id":"https:\/\/www.fimarspa.it\/#organization"},"potentialAction":[{"@type":"SearchAction","target":{"@type":"EntryPoint","urlTemplate":"https:\/\/www.fimarspa.it\/?s={search_term_string}"},"query-input":{"@type":"PropertyValueSpecification","valueRequired":true,"valueName":"search_term_string"}}],"inLanguage":"de"},{"@type":"Organization","@id":"https:\/\/www.fimarspa.it\/#organization","name":"Fimar S.p.A.","url":"https:\/\/www.fimarspa.it\/","logo":{"@type":"ImageObject","inLanguage":"de","@id":"https:\/\/www.fimarspa.it\/#\/schema\/logo\/image\/","url":"https:\/\/www.fimarspa.it\/wp-content\/uploads\/2019\/09\/logo-fimar.png","contentUrl":"https:\/\/www.fimarspa.it\/wp-content\/uploads\/2019\/09\/logo-fimar.png","width":250,"height":88,"caption":"Fimar S.p.A."},"image":{"@id":"https:\/\/www.fimarspa.it\/#\/schema\/logo\/image\/"},"sameAs":["https:\/\/www.facebook.com\/Fimarspa.it","https:\/\/www.linkedin.com\/company\/fimar-group\/","https:\/\/www.youtube.com\/user\/FimarSpa"]}]}},"_links":{"self":[{"href":"https:\/\/www.fimarspa.it\/de\/wp-json\/wp\/v2\/product\/9507","targetHints":{"allow":["GET"]}}],"collection":[{"href":"https:\/\/www.fimarspa.it\/de\/wp-json\/wp\/v2\/product"}],"about":[{"href":"https:\/\/www.fimarspa.it\/de\/wp-json\/wp\/v2\/types\/product"}],"wp:featuredmedia":[{"embeddable":true,"href":"https:\/\/www.fimarspa.it\/de\/wp-json\/wp\/v2\/media\/20443"}],"wp:attachment":[{"href":"https:\/\/www.fimarspa.it\/de\/wp-json\/wp\/v2\/media?parent=9507"}],"wp:term":[{"taxonomy":"brand","embeddable":true,"href":"https:\/\/www.fimarspa.it\/de\/wp-json\/wp\/v2\/etheme_brands?post=9507"},{"taxonomy":"product_brand","embeddable":true,"href":"https:\/\/www.fimarspa.it\/de\/wp-json\/wp\/v2\/product_brand?post=9507"},{"taxonomy":"product_cat","embeddable":true,"href":"https:\/\/www.fimarspa.it\/de\/wp-json\/wp\/v2\/product_cat?post=9507"},{"taxonomy":"product_tag","embeddable":true,"href":"https:\/\/www.fimarspa.it\/de\/wp-json\/wp\/v2\/product_tag?post=9507"}],"curies":[{"name":"wp","href":"https:\/\/api.w.org\/{rel}","templated":true}]}}