{"id":10735,"date":"2019-10-28T10:29:43","date_gmt":"2019-10-28T09:29:43","guid":{"rendered":"https:\/\/www.fimarspa.it\/prodotto\/insaccatrici-manuali-lt70r\/"},"modified":"2024-02-16T14:04:17","modified_gmt":"2024-02-16T13:04:17","slug":"embutidoras-manuales-lt7or","status":"publish","type":"product","link":"https:\/\/www.fimarspa.it\/es\/prodotto\/embutidoras-manuales-lt7or\/","title":{"rendered":"EMBUTIDORAS MANUALES LT7OR"},"content":{"rendered":"","protected":false},"excerpt":{"rendered":"<p>Estructura de acero inoxidable &#8211; pist\u00f3n de aluminio &#8211; 2 velocidades, una lenta<br \/>\npara el avance del pist\u00f3n y otra veloz para su vuelta &#8211; en la dotaci\u00f3n 3 embudos<br \/>\nde \u00f8 8 mm &#8211; 16,5 mm &#8211; 23,5 mm.<br \/>\nAccesorios: Serie de embudos para embutidoras, 3 unidades.<\/p>\n","protected":false},"featured_media":20291,"template":"","meta":[],"etheme_brands":[],"product_brand":[],"product_cat":[2659,2681],"product_tag":[3014,3427],"class_list":{"0":"post-10735","1":"product","2":"type-product","3":"status-publish","4":"has-post-thumbnail","6":"product_cat-procesamiento-de-carne","7":"product_cat-embutidoras-manuales","8":"product_tag-carne-es","9":"product_tag-embutidoras-manuales","10":"pa_capacita-vasca-3-7-lt-o-155-x-330h-mm-es-2","11":"pa_dimensioni-imballo-800-x-350-x-480h-mm-es","12":"pa_dimensioni-macchina-1200-x-400-x400h-mm-es","13":"pa_peso-lordo-kg-29-es","14":"pa_peso-netto-kg-18-es","15":"pa_volume-imballo-m3-0-134-es","17":"first","18":"instock","19":"product-type-simple"},"yoast_head":"<!-- This site is optimized with the Yoast SEO plugin v26.5 - https:\/\/yoast.com\/wordpress\/plugins\/seo\/ -->\n<title>EMBUTIDORAS MANUALES LT7OR - Fimar<\/title>\n<meta name=\"robots\" content=\"index, follow, max-snippet:-1, max-image-preview:large, max-video-preview:-1\" \/>\n<link rel=\"canonical\" href=\"https:\/\/www.fimarspa.it\/prodotto\/insaccatrici-manuali-lt70r\/\" \/>\n<meta property=\"og:locale\" content=\"es_ES\" \/>\n<meta property=\"og:type\" content=\"article\" \/>\n<meta property=\"og:title\" content=\"EMBUTIDORAS MANUALES LT7OR - Fimar\" \/>\n<meta property=\"og:description\" content=\"Estructura de acero inoxidable - pist\u00f3n de aluminio - 2 velocidades, una lenta para el avance del pist\u00f3n y otra veloz para su vuelta - en la dotaci\u00f3n 3 embudos de \u00f8 8 mm - 16,5 mm - 23,5 mm. Accesorios: Serie de embudos para embutidoras, 3 unidades.\" \/>\n<meta property=\"og:url\" content=\"https:\/\/www.fimarspa.it\/prodotto\/insaccatrici-manuali-lt70r\/\" \/>\n<meta property=\"og:site_name\" content=\"Fimar\" \/>\n<meta property=\"article:publisher\" content=\"https:\/\/www.facebook.com\/Fimarspa.it\" \/>\n<meta property=\"article:modified_time\" content=\"2024-02-16T13:04:17+00:00\" \/>\n<meta property=\"og:image\" content=\"https:\/\/www.fimarspa.it\/wp-content\/uploads\/2019\/10\/LT14OR_Insaccatrice_orizzontale_Fimar-1.jpg\" \/>\n\t<meta property=\"og:image:width\" content=\"800\" \/>\n\t<meta property=\"og:image:height\" content=\"800\" \/>\n\t<meta property=\"og:image:type\" content=\"image\/jpeg\" \/>\n<meta name=\"twitter:card\" content=\"summary_large_image\" \/>\n<script type=\"application\/ld+json\" class=\"yoast-schema-graph\">{\"@context\":\"https:\/\/schema.org\",\"@graph\":[{\"@type\":\"WebPage\",\"@id\":\"https:\/\/www.fimarspa.it\/prodotto\/insaccatrici-manuali-lt70r\/\",\"url\":\"https:\/\/www.fimarspa.it\/prodotto\/insaccatrici-manuali-lt70r\/\",\"name\":\"EMBUTIDORAS MANUALES LT7OR - Fimar\",\"isPartOf\":{\"@id\":\"https:\/\/www.fimarspa.it\/#website\"},\"primaryImageOfPage\":{\"@id\":\"https:\/\/www.fimarspa.it\/prodotto\/insaccatrici-manuali-lt70r\/#primaryimage\"},\"image\":{\"@id\":\"https:\/\/www.fimarspa.it\/prodotto\/insaccatrici-manuali-lt70r\/#primaryimage\"},\"thumbnailUrl\":\"https:\/\/www.fimarspa.it\/wp-content\/uploads\/2019\/10\/LT14OR_Insaccatrice_orizzontale_Fimar-2.jpg\",\"datePublished\":\"2019-10-28T09:29:43+00:00\",\"dateModified\":\"2024-02-16T13:04:17+00:00\",\"breadcrumb\":{\"@id\":\"https:\/\/www.fimarspa.it\/prodotto\/insaccatrici-manuali-lt70r\/#breadcrumb\"},\"inLanguage\":\"es\",\"potentialAction\":[{\"@type\":\"ReadAction\",\"target\":[\"https:\/\/www.fimarspa.it\/prodotto\/insaccatrici-manuali-lt70r\/\"]}]},{\"@type\":\"ImageObject\",\"inLanguage\":\"es\",\"@id\":\"https:\/\/www.fimarspa.it\/prodotto\/insaccatrici-manuali-lt70r\/#primaryimage\",\"url\":\"https:\/\/www.fimarspa.it\/wp-content\/uploads\/2019\/10\/LT14OR_Insaccatrice_orizzontale_Fimar-2.jpg\",\"contentUrl\":\"https:\/\/www.fimarspa.it\/wp-content\/uploads\/2019\/10\/LT14OR_Insaccatrice_orizzontale_Fimar-2.jpg\",\"width\":800,\"height\":800},{\"@type\":\"BreadcrumbList\",\"@id\":\"https:\/\/www.fimarspa.it\/prodotto\/insaccatrici-manuali-lt70r\/#breadcrumb\",\"itemListElement\":[{\"@type\":\"ListItem\",\"position\":1,\"name\":\"Home\",\"item\":\"https:\/\/www.fimarspa.it\/es\/\"},{\"@type\":\"ListItem\",\"position\":2,\"name\":\"Tienda\",\"item\":\"https:\/\/www.fimarspa.it\/es\/tienda\/\"},{\"@type\":\"ListItem\",\"position\":3,\"name\":\"EMBUTIDORAS MANUALES LT7OR\"}]},{\"@type\":\"WebSite\",\"@id\":\"https:\/\/www.fimarspa.it\/#website\",\"url\":\"https:\/\/www.fimarspa.it\/\",\"name\":\"Fimar\",\"description\":\"Produzione di Attrezzature Professionali per la Ristorazione\",\"publisher\":{\"@id\":\"https:\/\/www.fimarspa.it\/#organization\"},\"potentialAction\":[{\"@type\":\"SearchAction\",\"target\":{\"@type\":\"EntryPoint\",\"urlTemplate\":\"https:\/\/www.fimarspa.it\/?s={search_term_string}\"},\"query-input\":{\"@type\":\"PropertyValueSpecification\",\"valueRequired\":true,\"valueName\":\"search_term_string\"}}],\"inLanguage\":\"es\"},{\"@type\":\"Organization\",\"@id\":\"https:\/\/www.fimarspa.it\/#organization\",\"name\":\"Fimar S.p.A.\",\"url\":\"https:\/\/www.fimarspa.it\/\",\"logo\":{\"@type\":\"ImageObject\",\"inLanguage\":\"es\",\"@id\":\"https:\/\/www.fimarspa.it\/#\/schema\/logo\/image\/\",\"url\":\"https:\/\/www.fimarspa.it\/wp-content\/uploads\/2019\/09\/logo-fimar.png\",\"contentUrl\":\"https:\/\/www.fimarspa.it\/wp-content\/uploads\/2019\/09\/logo-fimar.png\",\"width\":250,\"height\":88,\"caption\":\"Fimar S.p.A.\"},\"image\":{\"@id\":\"https:\/\/www.fimarspa.it\/#\/schema\/logo\/image\/\"},\"sameAs\":[\"https:\/\/www.facebook.com\/Fimarspa.it\",\"https:\/\/www.linkedin.com\/company\/fimar-group\/\",\"https:\/\/www.youtube.com\/user\/FimarSpa\"]}]}<\/script>\n<!-- \/ Yoast SEO plugin. -->","yoast_head_json":{"title":"EMBUTIDORAS MANUALES LT7OR - Fimar","robots":{"index":"index","follow":"follow","max-snippet":"max-snippet:-1","max-image-preview":"max-image-preview:large","max-video-preview":"max-video-preview:-1"},"canonical":"https:\/\/www.fimarspa.it\/prodotto\/insaccatrici-manuali-lt70r\/","og_locale":"es_ES","og_type":"article","og_title":"EMBUTIDORAS MANUALES LT7OR - Fimar","og_description":"Estructura de acero inoxidable - pist\u00f3n de aluminio - 2 velocidades, una lenta para el avance del pist\u00f3n y otra veloz para su vuelta - en la dotaci\u00f3n 3 embudos de \u00f8 8 mm - 16,5 mm - 23,5 mm. Accesorios: Serie de embudos para embutidoras, 3 unidades.","og_url":"https:\/\/www.fimarspa.it\/prodotto\/insaccatrici-manuali-lt70r\/","og_site_name":"Fimar","article_publisher":"https:\/\/www.facebook.com\/Fimarspa.it","article_modified_time":"2024-02-16T13:04:17+00:00","og_image":[{"width":800,"height":800,"url":"https:\/\/www.fimarspa.it\/wp-content\/uploads\/2019\/10\/LT14OR_Insaccatrice_orizzontale_Fimar-1.jpg","type":"image\/jpeg"}],"twitter_card":"summary_large_image","schema":{"@context":"https:\/\/schema.org","@graph":[{"@type":"WebPage","@id":"https:\/\/www.fimarspa.it\/prodotto\/insaccatrici-manuali-lt70r\/","url":"https:\/\/www.fimarspa.it\/prodotto\/insaccatrici-manuali-lt70r\/","name":"EMBUTIDORAS MANUALES LT7OR - Fimar","isPartOf":{"@id":"https:\/\/www.fimarspa.it\/#website"},"primaryImageOfPage":{"@id":"https:\/\/www.fimarspa.it\/prodotto\/insaccatrici-manuali-lt70r\/#primaryimage"},"image":{"@id":"https:\/\/www.fimarspa.it\/prodotto\/insaccatrici-manuali-lt70r\/#primaryimage"},"thumbnailUrl":"https:\/\/www.fimarspa.it\/wp-content\/uploads\/2019\/10\/LT14OR_Insaccatrice_orizzontale_Fimar-2.jpg","datePublished":"2019-10-28T09:29:43+00:00","dateModified":"2024-02-16T13:04:17+00:00","breadcrumb":{"@id":"https:\/\/www.fimarspa.it\/prodotto\/insaccatrici-manuali-lt70r\/#breadcrumb"},"inLanguage":"es","potentialAction":[{"@type":"ReadAction","target":["https:\/\/www.fimarspa.it\/prodotto\/insaccatrici-manuali-lt70r\/"]}]},{"@type":"ImageObject","inLanguage":"es","@id":"https:\/\/www.fimarspa.it\/prodotto\/insaccatrici-manuali-lt70r\/#primaryimage","url":"https:\/\/www.fimarspa.it\/wp-content\/uploads\/2019\/10\/LT14OR_Insaccatrice_orizzontale_Fimar-2.jpg","contentUrl":"https:\/\/www.fimarspa.it\/wp-content\/uploads\/2019\/10\/LT14OR_Insaccatrice_orizzontale_Fimar-2.jpg","width":800,"height":800},{"@type":"BreadcrumbList","@id":"https:\/\/www.fimarspa.it\/prodotto\/insaccatrici-manuali-lt70r\/#breadcrumb","itemListElement":[{"@type":"ListItem","position":1,"name":"Home","item":"https:\/\/www.fimarspa.it\/es\/"},{"@type":"ListItem","position":2,"name":"Tienda","item":"https:\/\/www.fimarspa.it\/es\/tienda\/"},{"@type":"ListItem","position":3,"name":"EMBUTIDORAS MANUALES LT7OR"}]},{"@type":"WebSite","@id":"https:\/\/www.fimarspa.it\/#website","url":"https:\/\/www.fimarspa.it\/","name":"Fimar","description":"Produzione di Attrezzature Professionali per la Ristorazione","publisher":{"@id":"https:\/\/www.fimarspa.it\/#organization"},"potentialAction":[{"@type":"SearchAction","target":{"@type":"EntryPoint","urlTemplate":"https:\/\/www.fimarspa.it\/?s={search_term_string}"},"query-input":{"@type":"PropertyValueSpecification","valueRequired":true,"valueName":"search_term_string"}}],"inLanguage":"es"},{"@type":"Organization","@id":"https:\/\/www.fimarspa.it\/#organization","name":"Fimar S.p.A.","url":"https:\/\/www.fimarspa.it\/","logo":{"@type":"ImageObject","inLanguage":"es","@id":"https:\/\/www.fimarspa.it\/#\/schema\/logo\/image\/","url":"https:\/\/www.fimarspa.it\/wp-content\/uploads\/2019\/09\/logo-fimar.png","contentUrl":"https:\/\/www.fimarspa.it\/wp-content\/uploads\/2019\/09\/logo-fimar.png","width":250,"height":88,"caption":"Fimar S.p.A."},"image":{"@id":"https:\/\/www.fimarspa.it\/#\/schema\/logo\/image\/"},"sameAs":["https:\/\/www.facebook.com\/Fimarspa.it","https:\/\/www.linkedin.com\/company\/fimar-group\/","https:\/\/www.youtube.com\/user\/FimarSpa"]}]}},"_links":{"self":[{"href":"https:\/\/www.fimarspa.it\/es\/wp-json\/wp\/v2\/product\/10735","targetHints":{"allow":["GET"]}}],"collection":[{"href":"https:\/\/www.fimarspa.it\/es\/wp-json\/wp\/v2\/product"}],"about":[{"href":"https:\/\/www.fimarspa.it\/es\/wp-json\/wp\/v2\/types\/product"}],"wp:featuredmedia":[{"embeddable":true,"href":"https:\/\/www.fimarspa.it\/es\/wp-json\/wp\/v2\/media\/20291"}],"wp:attachment":[{"href":"https:\/\/www.fimarspa.it\/es\/wp-json\/wp\/v2\/media?parent=10735"}],"wp:term":[{"taxonomy":"brand","embeddable":true,"href":"https:\/\/www.fimarspa.it\/es\/wp-json\/wp\/v2\/etheme_brands?post=10735"},{"taxonomy":"product_brand","embeddable":true,"href":"https:\/\/www.fimarspa.it\/es\/wp-json\/wp\/v2\/product_brand?post=10735"},{"taxonomy":"product_cat","embeddable":true,"href":"https:\/\/www.fimarspa.it\/es\/wp-json\/wp\/v2\/product_cat?post=10735"},{"taxonomy":"product_tag","embeddable":true,"href":"https:\/\/www.fimarspa.it\/es\/wp-json\/wp\/v2\/product_tag?post=10735"}],"curies":[{"name":"wp","href":"https:\/\/api.w.org\/{rel}","templated":true}]}}