{"id":13398,"date":"2020-04-14T16:37:53","date_gmt":"2020-04-14T14:37:53","guid":{"rendered":"https:\/\/www.fimarspa.it\/video\/"},"modified":"2020-04-14T16:38:29","modified_gmt":"2020-04-14T14:38:29","slug":"video","status":"publish","type":"page","link":"https:\/\/www.fimarspa.it\/fr\/video\/","title":{"rendered":"Vid\u00e9o"},"content":{"rendered":"<div class=\"wpb-content-wrapper\"><p>[vc_row css=&#8221;.vc_custom_1571151055320{padding-top: 30px !important;}&#8221;][vc_column][vc_custom_heading text=&#8221;Voir toutes les vid\u00e9os du groupe Fimar&#8221; font_container=&#8221;tag:h2|font_size:30px|text_align:center&#8221; use_theme_fonts=&#8221;yes&#8221;][vc_column_text]\n            <div \n                class=\"elfsight-widget-youtube-gallery elfsight-widget\" \n                data-elfsight-youtube-gallery-options=\"%7B%22channel%22%3A%22https%3A%5C%2F%5C%2Fwww.youtube.com%5C%2Fuser%5C%2FFimarSpa%22%2C%22sourceGroups%22%3Anull%2C%22headerVisible%22%3Afalse%2C%22headerLayout%22%3A%22minimal%22%2C%22headerInfo%22%3A%5B%22logo%22%2C%22banner%22%2C%22channelName%22%2C%22videosCounter%22%2C%22subscribersCounter%22%2C%22viewsCounter%22%2C%22subscribeButton%22%5D%2C%22headerChannelName%22%3Anull%2C%22headerChannelDescription%22%3Anull%2C%22headerChannelLogo%22%3Anull%2C%22headerChannelBanner%22%3Anull%2C%22contentColumns%22%3A3%2C%22contentRows%22%3A3%2C%22contentGutter%22%3A20%2C%22contentResponsive%22%3A%5B%7B%22minWidth%22%3A375%2C%22columns%22%3A1%2C%22rows%22%3A1%2C%22gutter%22%3A%2220%22%7D%2C%7B%22minWidth%22%3A768%2C%22columns%22%3A2%2C%22rows%22%3A%222%22%2C%22gutter%22%3A%2220%22%7D%5D%2C%22width%22%3A%22auto%22%2C%22videoLayout%22%3A%22cinema%22%2C%22videoInfo%22%3A%5B%22playIcon%22%2C%22duration%22%2C%22title%22%2C%22date%22%2C%22description%22%2C%22viewsCounter%22%2C%22likesCounter%22%5D%2C%22videoPlayMode%22%3A%22popup%22%2C%22popupInfo%22%3A%5B%22title%22%2C%22channelLogo%22%2C%22subscribeButton%22%2C%22viewsCounter%22%2C%22likesCounter%22%2C%22likesRatio%22%2C%22share%22%2C%22date%22%2C%22description%22%2C%22descriptionMoreButton%22%5D%2C%22popupAutoplay%22%3Atrue%2C%22contentDirection%22%3A%22horizontal%22%2C%22contentArrowsControl%22%3Atrue%2C%22contentScrollControl%22%3Afalse%2C%22contentDragControl%22%3Atrue%2C%22contentPaginationControl%22%3Atrue%2C%22contentScrollbar%22%3Afalse%2C%22contentSearch%22%3Afalse%2C%22contentDivider1%22%3Anull%2C%22contentTransitionSpeed%22%3A600%2C%22contentTransitionEffect%22%3A%22slide%22%2C%22contentFreeMode%22%3Afalse%2C%22contentDivider2%22%3Anull%2C%22contentAuto%22%3A0%2C%22contentAutoPauseOnHover%22%3Afalse%2C%22colorScheme%22%3A%22default%22%2C%22colorHeaderBg%22%3A%22rgb%28250%2C%20250%2C%20250%29%22%2C%22colorHeaderBannerOverlay%22%3A%22rgba%28255%2C%20255%2C%20255%2C%200.92%29%22%2C%22colorHeaderChannelName%22%3A%22rgb%2817%2C%2017%2C%2017%29%22%2C%22colorHeaderChannelNameHover%22%3A%22rgb%2817%2C%2017%2C%2017%29%22%2C%22colorHeaderChannelDescription%22%3A%22rgb%2817%2C%2017%2C%2017%29%22%2C%22colorHeaderAnchor%22%3A%22rgb%2817%2C%2017%2C%2017%29%22%2C%22colorHeaderAnchorHover%22%3A%22rgb%2817%2C%2017%2C%2017%29%22%2C%22colorHeaderCounters%22%3A%22rgba%2817%2C%2017%2C%2017%2C%200.7%29%22%2C%22colorGroupsBg%22%3A%22rgb%28250%2C%20250%2C%20250%29%22%2C%22colorGroupsLink%22%3A%22rgb%2817%2C%2017%2C%2017%2C%200.5%29%22%2C%22colorGroupsLinkHover%22%3A%22rgb%2817%2C%2017%2C%2017%29%22%2C%22colorGroupsLinkActive%22%3A%22rgb%2817%2C%2017%2C%2017%29%22%2C%22colorGroupsHighlightHover%22%3A%22rgb%2817%2C%2017%2C%2017%29%22%2C%22colorGroupsHighlightActive%22%3A%22rgb%2817%2C%2017%2C%2017%29%22%2C%22colorVideoBg%22%3A%22rgb%28255%2C%20255%2C%20255%29%22%2C%22colorVideoOverlay%22%3A%22rgba%28255%2C%20255%2C%20255%2C%200.95%29%22%2C%22colorVideoPlayIcon%22%3A%22rgba%28255%2C%20255%2C%20255%2C%200.4%29%22%2C%22colorVideoPlayIconHover%22%3A%22rgba%28255%2C%20255%2C%20255%2C%200.8%29%22%2C%22colorVideoDuration%22%3A%22rgb%28255%2C%20255%2C%20255%29%22%2C%22colorVideoDurationBg%22%3A%22rgba%2834%2C%2034%2C%2034%2C%200.81%29%22%2C%22colorVideoTitle%22%3A%22rgb%2817%2C%2017%2C%2017%29%22%2C%22colorVideoTitleHover%22%3A%22rgb%2817%2C%2017%2C%2017%29%22%2C%22colorVideoDate%22%3A%22rgba%2817%2C%2017%2C%2017%2C%200.7%29%22%2C%22colorVideoDescription%22%3A%22rgb%2817%2C%2017%2C%2017%29%22%2C%22colorVideoAnchor%22%3A%22rgb%2826%2C%20137%2C%20222%29%22%2C%22colorVideoAnchorHover%22%3A%22rgb%2847%2C%20165%2C%20255%29%22%2C%22colorVideoCounters%22%3A%22rgba%2817%2C%2017%2C%2017%2C%200.7%29%22%2C%22colorPopupBg%22%3A%22rgb%28255%2C%20255%2C%20255%29%22%2C%22colorPopupAnchor%22%3A%22rgb%2826%2C%20137%2C%20222%29%22%2C%22colorPopupAnchorHover%22%3A%22rgb%2847%2C%20165%2C%20255%29%22%2C%22colorPopupOverlay%22%3A%22rgba%280%2C%200%2C%200%2C%200.7%29%22%2C%22colorPopupTitle%22%3A%22rgb%2817%2C%2017%2C%2017%29%22%2C%22colorPopupChannelName%22%3A%22rgb%2817%2C%2017%2C%2017%29%22%2C%22colorPopupChannelNameHover%22%3A%22rgb%2817%2C%2017%2C%2017%29%22%2C%22colorPopupViewsCounter%22%3A%22rgba%2817%2C%2017%2C%2017%2C%200.7%29%22%2C%22colorPopupLikesRatio%22%3A%22rgb%2847%2C%20165%2C%20255%29%22%2C%22colorPopupDislikesRatio%22%3A%22rgb%28207%2C%20207%2C%20207%29%22%2C%22colorPopupLikesCounter%22%3A%22rgba%2817%2C%2017%2C%2017%2C%200.5%29%22%2C%22colorPopupDislikesCounter%22%3A%22rgba%2817%2C%2017%2C%2017%2C%200.5%29%22%2C%22colorPopupShare%22%3A%22rgba%2817%2C%2017%2C%2017%2C%200.5%29%22%2C%22colorPopupDate%22%3A%22rgba%2817%2C%2017%2C%2017%2C%200.7%29%22%2C%22colorPopupDescription%22%3A%22rgb%2817%2C%2017%2C%2017%29%22%2C%22colorPopupDescriptionMoreButton%22%3A%22rgba%2817%2C%2017%2C%2017%2C%200.5%29%22%2C%22colorPopupDescriptionMoreButtonHover%22%3A%22rgba%2817%2C%2017%2C%2017%2C%200.7%29%22%2C%22colorPopupCommentsUsername%22%3A%22rgb%2817%2C%2017%2C%2017%29%22%2C%22colorPopupCommentsUsernameHover%22%3A%22rgb%2817%2C%2017%2C%2017%29%22%2C%22colorPopupCommentsPassedTime%22%3A%22rgba%2817%2C%2017%2C%2017%2C%200.7%29%22%2C%22colorPopupCommentsLikes%22%3A%22rgba%2817%2C%2017%2C%2017%2C%200.5%29%22%2C%22colorPopupCommentsText%22%3A%22rgb%2817%2C%2017%2C%2017%29%22%2C%22colorPopupControls%22%3A%22rgb%28160%2C%20160%2C%20160%29%22%2C%22colorPopupControlsHover%22%3A%22rgb%28220%2C%20220%2C%20220%29%22%2C%22colorPopupControlsMobile%22%3A%22rgb%28220%2C%20220%2C%20220%29%22%2C%22colorPopupControlsMobileBg%22%3A%22rgba%28255%2C%20255%2C%20255%2C%200%29%22%2C%22colorContentBg%22%3A%22rgb%28255%2C%20255%2C%20255%29%22%2C%22colorContentArrows%22%3A%22rgb%280%2C%200%2C%200%29%22%2C%22colorContentArrowsHover%22%3A%22rgb%280%2C%200%2C%200%29%22%2C%22colorContentArrowsBg%22%3A%22rgba%28255%2C%20255%2C%20255%2C%200.8%29%22%2C%22colorContentArrowsBgHover%22%3A%22rgba%28255%2C%20255%2C%20255%2C%201%29%22%2C%22colorContentScrollbarBg%22%3A%22rgb%28204%2C%20204%2C%20204%29%22%2C%22colorContentScrollbarSliderBg%22%3A%22rgba%280%2C%200%2C%200%2C%200.4%29%22%2C%22lang%22%3A%22it%22%2C%22adsClient%22%3Anull%2C%22adsSlotsContent%22%3Anull%2C%22adsSlotsPopup%22%3Anull%2C%22noCookies%22%3Anull%2C%22cacheTime%22%3A3600%2C%22key%22%3A%22AIzaSyDTIRQmg6u49JVknRKGVLPsKuCR5l69RNI%22%2C%22apiUrl%22%3A%22https%3A%5C%2F%5C%2Fwww.fimarspa.it%5C%2Ffr%5C%2Fwp-json%5C%2Felfsight-youtube-gallery%5C%2Fapi%22%2C%22widgetId%22%3A%221%22%7D\" \n                data-elfsight-youtube-gallery-version=\"3.3.0\"\n                data-elfsight-widget-id=\"elfsight-youtube-gallery-1\">\n            <\/div>\n            [\/vc_column_text][\/vc_column][\/vc_row]<\/p>\n<\/div>","protected":false},"excerpt":{"rendered":"<p>[vc_row css=&#8221;.vc_custom_1571151055320{padding-top: 30px !important;}&#8221;][vc_column][vc_custom_heading text=&#8221;Voir toutes les vid\u00e9os du groupe Fimar&#8221; font_container=&#8221;tag:h2|font_size:30px|text_align:center&#8221; use_theme_fonts=&#8221;yes&#8221;][vc_column_text][\/vc_column_text][\/vc_column][\/vc_row]<\/p>\n","protected":false},"author":2,"featured_media":0,"parent":0,"menu_order":0,"comment_status":"closed","ping_status":"closed","template":"","meta":{"footnotes":""},"class_list":["post-13398","page","type-page","status-publish","hentry"],"yoast_head":"<!-- This site is optimized with the Yoast SEO plugin v26.5 - https:\/\/yoast.com\/wordpress\/plugins\/seo\/ -->\n<title>Vid\u00e9o d&#039;\u00e9quipement de cuisine professionnel - Tutoriel vid\u00e9o Fimar Italy<\/title>\n<meta name=\"description\" content=\"Fimar - Made in Italy - Machines professionnelles de restauration. Tutoriels vid\u00e9o, recettes, vid\u00e9os d&#039;entreprise du groupe Fimar\" \/>\n<meta name=\"robots\" content=\"index, follow, max-snippet:-1, max-image-preview:large, max-video-preview:-1\" \/>\n<link rel=\"canonical\" href=\"https:\/\/www.fimarspa.it\/fr\/video\/\" \/>\n<meta property=\"og:locale\" content=\"fr_FR\" \/>\n<meta property=\"og:type\" content=\"article\" \/>\n<meta property=\"og:title\" content=\"Vid\u00e9o d&#039;\u00e9quipement de cuisine professionnel - Tutoriel vid\u00e9o Fimar Italy\" \/>\n<meta property=\"og:description\" content=\"Fimar - Made in Italy - Machines professionnelles de restauration. Tutoriels vid\u00e9o, recettes, vid\u00e9os d&#039;entreprise du groupe Fimar\" \/>\n<meta property=\"og:url\" content=\"https:\/\/www.fimarspa.it\/fr\/video\/\" \/>\n<meta property=\"og:site_name\" content=\"Fimar\" \/>\n<meta property=\"article:publisher\" content=\"https:\/\/www.facebook.com\/Fimarspa.it\" \/>\n<meta property=\"article:modified_time\" content=\"2020-04-14T14:38:29+00:00\" \/>\n<meta name=\"twitter:card\" content=\"summary_large_image\" \/>\n<script type=\"application\/ld+json\" class=\"yoast-schema-graph\">{\"@context\":\"https:\/\/schema.org\",\"@graph\":[{\"@type\":\"WebPage\",\"@id\":\"https:\/\/www.fimarspa.it\/fr\/video\/\",\"url\":\"https:\/\/www.fimarspa.it\/fr\/video\/\",\"name\":\"Vid\u00e9o d'\u00e9quipement de cuisine professionnel - Tutoriel vid\u00e9o Fimar Italy\",\"isPartOf\":{\"@id\":\"https:\/\/www.fimarspa.it\/#website\"},\"datePublished\":\"2020-04-14T14:37:53+00:00\",\"dateModified\":\"2020-04-14T14:38:29+00:00\",\"description\":\"Fimar - Made in Italy - Machines professionnelles de restauration. Tutoriels vid\u00e9o, recettes, vid\u00e9os d'entreprise du groupe Fimar\",\"breadcrumb\":{\"@id\":\"https:\/\/www.fimarspa.it\/fr\/video\/#breadcrumb\"},\"inLanguage\":\"fr-FR\",\"potentialAction\":[{\"@type\":\"ReadAction\",\"target\":[\"https:\/\/www.fimarspa.it\/fr\/video\/\"]}]},{\"@type\":\"BreadcrumbList\",\"@id\":\"https:\/\/www.fimarspa.it\/fr\/video\/#breadcrumb\",\"itemListElement\":[{\"@type\":\"ListItem\",\"position\":1,\"name\":\"Home\",\"item\":\"https:\/\/www.fimarspa.it\/fr\/\"},{\"@type\":\"ListItem\",\"position\":2,\"name\":\"Vid\u00e9o\"}]},{\"@type\":\"WebSite\",\"@id\":\"https:\/\/www.fimarspa.it\/#website\",\"url\":\"https:\/\/www.fimarspa.it\/\",\"name\":\"Fimar\",\"description\":\"Produzione di Attrezzature Professionali per la Ristorazione\",\"publisher\":{\"@id\":\"https:\/\/www.fimarspa.it\/#organization\"},\"potentialAction\":[{\"@type\":\"SearchAction\",\"target\":{\"@type\":\"EntryPoint\",\"urlTemplate\":\"https:\/\/www.fimarspa.it\/?s={search_term_string}\"},\"query-input\":{\"@type\":\"PropertyValueSpecification\",\"valueRequired\":true,\"valueName\":\"search_term_string\"}}],\"inLanguage\":\"fr-FR\"},{\"@type\":\"Organization\",\"@id\":\"https:\/\/www.fimarspa.it\/#organization\",\"name\":\"Fimar S.p.A.\",\"url\":\"https:\/\/www.fimarspa.it\/\",\"logo\":{\"@type\":\"ImageObject\",\"inLanguage\":\"fr-FR\",\"@id\":\"https:\/\/www.fimarspa.it\/#\/schema\/logo\/image\/\",\"url\":\"https:\/\/www.fimarspa.it\/wp-content\/uploads\/2019\/09\/logo-fimar.png\",\"contentUrl\":\"https:\/\/www.fimarspa.it\/wp-content\/uploads\/2019\/09\/logo-fimar.png\",\"width\":250,\"height\":88,\"caption\":\"Fimar S.p.A.\"},\"image\":{\"@id\":\"https:\/\/www.fimarspa.it\/#\/schema\/logo\/image\/\"},\"sameAs\":[\"https:\/\/www.facebook.com\/Fimarspa.it\",\"https:\/\/www.linkedin.com\/company\/fimar-group\/\",\"https:\/\/www.youtube.com\/user\/FimarSpa\"]}]}<\/script>\n<!-- \/ Yoast SEO plugin. -->","yoast_head_json":{"title":"Vid\u00e9o d'\u00e9quipement de cuisine professionnel - Tutoriel vid\u00e9o Fimar Italy","description":"Fimar - Made in Italy - Machines professionnelles de restauration. Tutoriels vid\u00e9o, recettes, vid\u00e9os d'entreprise du groupe Fimar","robots":{"index":"index","follow":"follow","max-snippet":"max-snippet:-1","max-image-preview":"max-image-preview:large","max-video-preview":"max-video-preview:-1"},"canonical":"https:\/\/www.fimarspa.it\/fr\/video\/","og_locale":"fr_FR","og_type":"article","og_title":"Vid\u00e9o d'\u00e9quipement de cuisine professionnel - Tutoriel vid\u00e9o Fimar Italy","og_description":"Fimar - Made in Italy - Machines professionnelles de restauration. Tutoriels vid\u00e9o, recettes, vid\u00e9os d'entreprise du groupe Fimar","og_url":"https:\/\/www.fimarspa.it\/fr\/video\/","og_site_name":"Fimar","article_publisher":"https:\/\/www.facebook.com\/Fimarspa.it","article_modified_time":"2020-04-14T14:38:29+00:00","twitter_card":"summary_large_image","schema":{"@context":"https:\/\/schema.org","@graph":[{"@type":"WebPage","@id":"https:\/\/www.fimarspa.it\/fr\/video\/","url":"https:\/\/www.fimarspa.it\/fr\/video\/","name":"Vid\u00e9o d'\u00e9quipement de cuisine professionnel - Tutoriel vid\u00e9o Fimar Italy","isPartOf":{"@id":"https:\/\/www.fimarspa.it\/#website"},"datePublished":"2020-04-14T14:37:53+00:00","dateModified":"2020-04-14T14:38:29+00:00","description":"Fimar - Made in Italy - Machines professionnelles de restauration. Tutoriels vid\u00e9o, recettes, vid\u00e9os d'entreprise du groupe Fimar","breadcrumb":{"@id":"https:\/\/www.fimarspa.it\/fr\/video\/#breadcrumb"},"inLanguage":"fr-FR","potentialAction":[{"@type":"ReadAction","target":["https:\/\/www.fimarspa.it\/fr\/video\/"]}]},{"@type":"BreadcrumbList","@id":"https:\/\/www.fimarspa.it\/fr\/video\/#breadcrumb","itemListElement":[{"@type":"ListItem","position":1,"name":"Home","item":"https:\/\/www.fimarspa.it\/fr\/"},{"@type":"ListItem","position":2,"name":"Vid\u00e9o"}]},{"@type":"WebSite","@id":"https:\/\/www.fimarspa.it\/#website","url":"https:\/\/www.fimarspa.it\/","name":"Fimar","description":"Produzione di Attrezzature Professionali per la Ristorazione","publisher":{"@id":"https:\/\/www.fimarspa.it\/#organization"},"potentialAction":[{"@type":"SearchAction","target":{"@type":"EntryPoint","urlTemplate":"https:\/\/www.fimarspa.it\/?s={search_term_string}"},"query-input":{"@type":"PropertyValueSpecification","valueRequired":true,"valueName":"search_term_string"}}],"inLanguage":"fr-FR"},{"@type":"Organization","@id":"https:\/\/www.fimarspa.it\/#organization","name":"Fimar S.p.A.","url":"https:\/\/www.fimarspa.it\/","logo":{"@type":"ImageObject","inLanguage":"fr-FR","@id":"https:\/\/www.fimarspa.it\/#\/schema\/logo\/image\/","url":"https:\/\/www.fimarspa.it\/wp-content\/uploads\/2019\/09\/logo-fimar.png","contentUrl":"https:\/\/www.fimarspa.it\/wp-content\/uploads\/2019\/09\/logo-fimar.png","width":250,"height":88,"caption":"Fimar S.p.A."},"image":{"@id":"https:\/\/www.fimarspa.it\/#\/schema\/logo\/image\/"},"sameAs":["https:\/\/www.facebook.com\/Fimarspa.it","https:\/\/www.linkedin.com\/company\/fimar-group\/","https:\/\/www.youtube.com\/user\/FimarSpa"]}]}},"_links":{"self":[{"href":"https:\/\/www.fimarspa.it\/fr\/wp-json\/wp\/v2\/pages\/13398","targetHints":{"allow":["GET"]}}],"collection":[{"href":"https:\/\/www.fimarspa.it\/fr\/wp-json\/wp\/v2\/pages"}],"about":[{"href":"https:\/\/www.fimarspa.it\/fr\/wp-json\/wp\/v2\/types\/page"}],"author":[{"embeddable":true,"href":"https:\/\/www.fimarspa.it\/fr\/wp-json\/wp\/v2\/users\/2"}],"replies":[{"embeddable":true,"href":"https:\/\/www.fimarspa.it\/fr\/wp-json\/wp\/v2\/comments?post=13398"}],"version-history":[{"count":0,"href":"https:\/\/www.fimarspa.it\/fr\/wp-json\/wp\/v2\/pages\/13398\/revisions"}],"wp:attachment":[{"href":"https:\/\/www.fimarspa.it\/fr\/wp-json\/wp\/v2\/media?parent=13398"}],"curies":[{"name":"wp","href":"https:\/\/api.w.org\/{rel}","templated":true}]}}