{"id":10463,"date":"2019-10-28T12:17:03","date_gmt":"2019-10-28T11:17:03","guid":{"rendered":"https:\/\/www.fimarspa.it\/prodotto\/impastatrice-planetaria-pln20bv\/"},"modified":"2025-05-27T11:06:18","modified_gmt":"2025-05-27T09:06:18","slug":"melangeur-planetaire-pln20bv","status":"publish","type":"product","link":"https:\/\/www.fimarspa.it\/fr\/prodotto\/melangeur-planetaire-pln20bv\/","title":{"rendered":"M\u00c9LANGEUR PLAN\u00c9TAIRE PLN20BV"},"content":{"rendered":"","protected":false},"excerpt":{"rendered":"<p><span lang=\"en-US\">M\u00e9langeur plan\u00e9taire avec variateur de vitesse et commandes m\u00e9caniques. Machine pour diff\u00e9rents types de p\u00e2te tels que pizza, pain, biscuits, croissants, brioches, pains \u00e0 la cr\u00e8me, g\u00e2teau \u00e9ponge, p\u00e2te bris\u00e9e, meringues, pur\u00e9es, sauces, cr\u00e8me fouett\u00e9e, etc. Corps recouvert de peinture anti-rayures &#8211; carter sup\u00e9rieur en ABS &#8211; cuve et fouet en acier inox AISI 304 &#8211; crochet et spatule en aluminium &#8211;\u00a0<\/span>protection de la cuve en polycarbonate &#8211; microinterrupteur sur la cuve la protection de la cuve &#8211; cuve amovible &#8211; d\u00e9gagement rapide des outils. Mod\u00e8le \u00e0 poser.<\/p>\n","protected":false},"featured_media":22112,"template":"","meta":[],"etheme_brands":[],"product_brand":[],"product_cat":[2697,2720],"product_tag":[],"class_list":{"0":"post-10463","1":"product","2":"type-product","3":"status-publish","4":"has-post-thumbnail","6":"product_cat-travail-de-la-pate","7":"product_cat-melangeur-planetaire","8":"pa_alimentazione-230v-1n-50-60hz-fr","9":"pa_dimensioni-della-vasca-l-20-l-fr","10":"pa_dimensioni-imballo-750-x-490-x-900h-mm-fr","11":"pa_dimensioni-macchina-604-x-440-x-716h-mm-fr","12":"pa_peso-lordo-kg-64-fr","13":"pa_peso-netto-kg-56-fr","14":"pa_potenza-kw-05-kw-07-hp-fr","15":"pa_timer-meccanico-030-fr","16":"pa_velocita-rpm-min-30-max-120-rpm-fr","17":"pa_volume-imballo-m3-0-331-fr","19":"first","20":"instock","21":"product-type-simple"},"yoast_head":"<!-- This site is optimized with the Yoast SEO plugin v26.5 - https:\/\/yoast.com\/wordpress\/plugins\/seo\/ -->\n<title>M\u00c9LANGEUR PLAN\u00c9TAIRE PLN20BV - Fimar<\/title>\n<meta name=\"description\" content=\"M\u00c9LANGEUR PLAN\u00c9TAIRE\" \/>\n<meta name=\"robots\" content=\"index, follow, max-snippet:-1, max-image-preview:large, max-video-preview:-1\" \/>\n<link rel=\"canonical\" href=\"https:\/\/www.fimarspa.it\/fr\/prodotto\/melangeur-planetaire-pln20bv\/\" \/>\n<meta property=\"og:locale\" content=\"fr_FR\" \/>\n<meta property=\"og:type\" content=\"article\" \/>\n<meta property=\"og:title\" content=\"M\u00c9LANGEUR PLAN\u00c9TAIRE PLN20BV - Fimar\" \/>\n<meta property=\"og:description\" content=\"M\u00c9LANGEUR PLAN\u00c9TAIRE\" \/>\n<meta property=\"og:url\" content=\"https:\/\/www.fimarspa.it\/fr\/prodotto\/melangeur-planetaire-pln20bv\/\" \/>\n<meta property=\"og:site_name\" content=\"Fimar\" \/>\n<meta property=\"article:publisher\" content=\"https:\/\/www.facebook.com\/Fimarspa.it\" \/>\n<meta property=\"article:modified_time\" content=\"2025-05-27T09:06:18+00:00\" \/>\n<meta property=\"og:image\" content=\"https:\/\/www.fimarspa.it\/wp-content\/uploads\/2019\/10\/PLN12BV-PLN20BV_planetaria_planetary_Fimar-1.jpg\" \/>\n\t<meta property=\"og:image:width\" content=\"800\" \/>\n\t<meta property=\"og:image:height\" content=\"800\" \/>\n\t<meta property=\"og:image:type\" content=\"image\/jpeg\" \/>\n<meta name=\"twitter:card\" content=\"summary_large_image\" \/>\n<script type=\"application\/ld+json\" class=\"yoast-schema-graph\">{\"@context\":\"https:\/\/schema.org\",\"@graph\":[{\"@type\":\"WebPage\",\"@id\":\"https:\/\/www.fimarspa.it\/fr\/prodotto\/melangeur-planetaire-pln20bv\/\",\"url\":\"https:\/\/www.fimarspa.it\/fr\/prodotto\/melangeur-planetaire-pln20bv\/\",\"name\":\"M\u00c9LANGEUR PLAN\u00c9TAIRE PLN20BV - Fimar\",\"isPartOf\":{\"@id\":\"https:\/\/www.fimarspa.it\/#website\"},\"primaryImageOfPage\":{\"@id\":\"https:\/\/www.fimarspa.it\/fr\/prodotto\/melangeur-planetaire-pln20bv\/#primaryimage\"},\"image\":{\"@id\":\"https:\/\/www.fimarspa.it\/fr\/prodotto\/melangeur-planetaire-pln20bv\/#primaryimage\"},\"thumbnailUrl\":\"https:\/\/www.fimarspa.it\/wp-content\/uploads\/2019\/10\/PLN12BV-PLN20BV_planetaria_planetary_Fimar-1.jpg\",\"datePublished\":\"2019-10-28T11:17:03+00:00\",\"dateModified\":\"2025-05-27T09:06:18+00:00\",\"description\":\"M\u00c9LANGEUR PLAN\u00c9TAIRE\",\"breadcrumb\":{\"@id\":\"https:\/\/www.fimarspa.it\/fr\/prodotto\/melangeur-planetaire-pln20bv\/#breadcrumb\"},\"inLanguage\":\"fr-FR\",\"potentialAction\":[{\"@type\":\"ReadAction\",\"target\":[\"https:\/\/www.fimarspa.it\/fr\/prodotto\/melangeur-planetaire-pln20bv\/\"]}]},{\"@type\":\"ImageObject\",\"inLanguage\":\"fr-FR\",\"@id\":\"https:\/\/www.fimarspa.it\/fr\/prodotto\/melangeur-planetaire-pln20bv\/#primaryimage\",\"url\":\"https:\/\/www.fimarspa.it\/wp-content\/uploads\/2019\/10\/PLN12BV-PLN20BV_planetaria_planetary_Fimar-1.jpg\",\"contentUrl\":\"https:\/\/www.fimarspa.it\/wp-content\/uploads\/2019\/10\/PLN12BV-PLN20BV_planetaria_planetary_Fimar-1.jpg\",\"width\":800,\"height\":800},{\"@type\":\"BreadcrumbList\",\"@id\":\"https:\/\/www.fimarspa.it\/fr\/prodotto\/melangeur-planetaire-pln20bv\/#breadcrumb\",\"itemListElement\":[{\"@type\":\"ListItem\",\"position\":1,\"name\":\"Home\",\"item\":\"https:\/\/www.fimarspa.it\/fr\/\"},{\"@type\":\"ListItem\",\"position\":2,\"name\":\"Boutique\",\"item\":\"https:\/\/www.fimarspa.it\/fr\/boutique\/\"},{\"@type\":\"ListItem\",\"position\":3,\"name\":\"M\u00c9LANGEUR PLAN\u00c9TAIRE PLN20BV\"}]},{\"@type\":\"WebSite\",\"@id\":\"https:\/\/www.fimarspa.it\/#website\",\"url\":\"https:\/\/www.fimarspa.it\/\",\"name\":\"Fimar\",\"description\":\"Produzione di Attrezzature Professionali per la Ristorazione\",\"publisher\":{\"@id\":\"https:\/\/www.fimarspa.it\/#organization\"},\"potentialAction\":[{\"@type\":\"SearchAction\",\"target\":{\"@type\":\"EntryPoint\",\"urlTemplate\":\"https:\/\/www.fimarspa.it\/?s={search_term_string}\"},\"query-input\":{\"@type\":\"PropertyValueSpecification\",\"valueRequired\":true,\"valueName\":\"search_term_string\"}}],\"inLanguage\":\"fr-FR\"},{\"@type\":\"Organization\",\"@id\":\"https:\/\/www.fimarspa.it\/#organization\",\"name\":\"Fimar S.p.A.\",\"url\":\"https:\/\/www.fimarspa.it\/\",\"logo\":{\"@type\":\"ImageObject\",\"inLanguage\":\"fr-FR\",\"@id\":\"https:\/\/www.fimarspa.it\/#\/schema\/logo\/image\/\",\"url\":\"https:\/\/www.fimarspa.it\/wp-content\/uploads\/2019\/09\/logo-fimar.png\",\"contentUrl\":\"https:\/\/www.fimarspa.it\/wp-content\/uploads\/2019\/09\/logo-fimar.png\",\"width\":250,\"height\":88,\"caption\":\"Fimar S.p.A.\"},\"image\":{\"@id\":\"https:\/\/www.fimarspa.it\/#\/schema\/logo\/image\/\"},\"sameAs\":[\"https:\/\/www.facebook.com\/Fimarspa.it\",\"https:\/\/www.linkedin.com\/company\/fimar-group\/\",\"https:\/\/www.youtube.com\/user\/FimarSpa\"]}]}<\/script>\n<!-- \/ Yoast SEO plugin. -->","yoast_head_json":{"title":"M\u00c9LANGEUR PLAN\u00c9TAIRE PLN20BV - Fimar","description":"M\u00c9LANGEUR PLAN\u00c9TAIRE","robots":{"index":"index","follow":"follow","max-snippet":"max-snippet:-1","max-image-preview":"max-image-preview:large","max-video-preview":"max-video-preview:-1"},"canonical":"https:\/\/www.fimarspa.it\/fr\/prodotto\/melangeur-planetaire-pln20bv\/","og_locale":"fr_FR","og_type":"article","og_title":"M\u00c9LANGEUR PLAN\u00c9TAIRE PLN20BV - Fimar","og_description":"M\u00c9LANGEUR PLAN\u00c9TAIRE","og_url":"https:\/\/www.fimarspa.it\/fr\/prodotto\/melangeur-planetaire-pln20bv\/","og_site_name":"Fimar","article_publisher":"https:\/\/www.facebook.com\/Fimarspa.it","article_modified_time":"2025-05-27T09:06:18+00:00","og_image":[{"width":800,"height":800,"url":"https:\/\/www.fimarspa.it\/wp-content\/uploads\/2019\/10\/PLN12BV-PLN20BV_planetaria_planetary_Fimar-1.jpg","type":"image\/jpeg"}],"twitter_card":"summary_large_image","schema":{"@context":"https:\/\/schema.org","@graph":[{"@type":"WebPage","@id":"https:\/\/www.fimarspa.it\/fr\/prodotto\/melangeur-planetaire-pln20bv\/","url":"https:\/\/www.fimarspa.it\/fr\/prodotto\/melangeur-planetaire-pln20bv\/","name":"M\u00c9LANGEUR PLAN\u00c9TAIRE PLN20BV - Fimar","isPartOf":{"@id":"https:\/\/www.fimarspa.it\/#website"},"primaryImageOfPage":{"@id":"https:\/\/www.fimarspa.it\/fr\/prodotto\/melangeur-planetaire-pln20bv\/#primaryimage"},"image":{"@id":"https:\/\/www.fimarspa.it\/fr\/prodotto\/melangeur-planetaire-pln20bv\/#primaryimage"},"thumbnailUrl":"https:\/\/www.fimarspa.it\/wp-content\/uploads\/2019\/10\/PLN12BV-PLN20BV_planetaria_planetary_Fimar-1.jpg","datePublished":"2019-10-28T11:17:03+00:00","dateModified":"2025-05-27T09:06:18+00:00","description":"M\u00c9LANGEUR PLAN\u00c9TAIRE","breadcrumb":{"@id":"https:\/\/www.fimarspa.it\/fr\/prodotto\/melangeur-planetaire-pln20bv\/#breadcrumb"},"inLanguage":"fr-FR","potentialAction":[{"@type":"ReadAction","target":["https:\/\/www.fimarspa.it\/fr\/prodotto\/melangeur-planetaire-pln20bv\/"]}]},{"@type":"ImageObject","inLanguage":"fr-FR","@id":"https:\/\/www.fimarspa.it\/fr\/prodotto\/melangeur-planetaire-pln20bv\/#primaryimage","url":"https:\/\/www.fimarspa.it\/wp-content\/uploads\/2019\/10\/PLN12BV-PLN20BV_planetaria_planetary_Fimar-1.jpg","contentUrl":"https:\/\/www.fimarspa.it\/wp-content\/uploads\/2019\/10\/PLN12BV-PLN20BV_planetaria_planetary_Fimar-1.jpg","width":800,"height":800},{"@type":"BreadcrumbList","@id":"https:\/\/www.fimarspa.it\/fr\/prodotto\/melangeur-planetaire-pln20bv\/#breadcrumb","itemListElement":[{"@type":"ListItem","position":1,"name":"Home","item":"https:\/\/www.fimarspa.it\/fr\/"},{"@type":"ListItem","position":2,"name":"Boutique","item":"https:\/\/www.fimarspa.it\/fr\/boutique\/"},{"@type":"ListItem","position":3,"name":"M\u00c9LANGEUR PLAN\u00c9TAIRE PLN20BV"}]},{"@type":"WebSite","@id":"https:\/\/www.fimarspa.it\/#website","url":"https:\/\/www.fimarspa.it\/","name":"Fimar","description":"Produzione di Attrezzature Professionali per la Ristorazione","publisher":{"@id":"https:\/\/www.fimarspa.it\/#organization"},"potentialAction":[{"@type":"SearchAction","target":{"@type":"EntryPoint","urlTemplate":"https:\/\/www.fimarspa.it\/?s={search_term_string}"},"query-input":{"@type":"PropertyValueSpecification","valueRequired":true,"valueName":"search_term_string"}}],"inLanguage":"fr-FR"},{"@type":"Organization","@id":"https:\/\/www.fimarspa.it\/#organization","name":"Fimar S.p.A.","url":"https:\/\/www.fimarspa.it\/","logo":{"@type":"ImageObject","inLanguage":"fr-FR","@id":"https:\/\/www.fimarspa.it\/#\/schema\/logo\/image\/","url":"https:\/\/www.fimarspa.it\/wp-content\/uploads\/2019\/09\/logo-fimar.png","contentUrl":"https:\/\/www.fimarspa.it\/wp-content\/uploads\/2019\/09\/logo-fimar.png","width":250,"height":88,"caption":"Fimar S.p.A."},"image":{"@id":"https:\/\/www.fimarspa.it\/#\/schema\/logo\/image\/"},"sameAs":["https:\/\/www.facebook.com\/Fimarspa.it","https:\/\/www.linkedin.com\/company\/fimar-group\/","https:\/\/www.youtube.com\/user\/FimarSpa"]}]}},"_links":{"self":[{"href":"https:\/\/www.fimarspa.it\/fr\/wp-json\/wp\/v2\/product\/10463","targetHints":{"allow":["GET"]}}],"collection":[{"href":"https:\/\/www.fimarspa.it\/fr\/wp-json\/wp\/v2\/product"}],"about":[{"href":"https:\/\/www.fimarspa.it\/fr\/wp-json\/wp\/v2\/types\/product"}],"wp:featuredmedia":[{"embeddable":true,"href":"https:\/\/www.fimarspa.it\/fr\/wp-json\/wp\/v2\/media\/22112"}],"wp:attachment":[{"href":"https:\/\/www.fimarspa.it\/fr\/wp-json\/wp\/v2\/media?parent=10463"}],"wp:term":[{"taxonomy":"brand","embeddable":true,"href":"https:\/\/www.fimarspa.it\/fr\/wp-json\/wp\/v2\/etheme_brands?post=10463"},{"taxonomy":"product_brand","embeddable":true,"href":"https:\/\/www.fimarspa.it\/fr\/wp-json\/wp\/v2\/product_brand?post=10463"},{"taxonomy":"product_cat","embeddable":true,"href":"https:\/\/www.fimarspa.it\/fr\/wp-json\/wp\/v2\/product_cat?post=10463"},{"taxonomy":"product_tag","embeddable":true,"href":"https:\/\/www.fimarspa.it\/fr\/wp-json\/wp\/v2\/product_tag?post=10463"}],"curies":[{"name":"wp","href":"https:\/\/api.w.org\/{rel}","templated":true}]}}