{"id":10552,"date":"2019-10-28T12:16:53","date_gmt":"2019-10-28T11:16:53","guid":{"rendered":"https:\/\/www.fimarspa.it\/prodotto\/impastatrice-spirale-12sn\/"},"modified":"2020-04-09T12:41:52","modified_gmt":"2020-04-09T10:41:52","slug":"petrin-a-spirale-12sn","status":"publish","type":"product","link":"https:\/\/www.fimarspa.it\/fr\/prodotto\/petrin-a-spirale-12sn\/","title":{"rendered":"P\u00c9TRIN \u00c0 SPIRALE 12SN"},"content":{"rendered":"","protected":false},"excerpt":{"rendered":"<p>P\u00e9trin \u00e0 spirale avec t\u00eate fixe. Machine pour le p\u00e9trissage de diff\u00e9rents types de p\u00e2te, particuli\u00e8rement adapt\u00e9e aux p\u00e2tes tendres telles que le pain, la pizza et la piadina. Structure recouverte de peinture anti-rayures &#8211; les parties en contact avec les aliments telles que la cuve, la spirale et la brise-p\u00e2te sont en acier inox AISI 304 &#8211; microrupteur de s\u00e9curit\u00e9 sur le couvercle de la cuve &#8211; couvercle en polycarbonate fum\u00e9 de s\u00e9rie. Diff\u00e9rentes options sur demande, incluant couvercle grill\u00e9 en acier inox AISI 304.<\/p>\n","protected":false},"featured_media":10544,"template":"","meta":[],"etheme_brands":[],"product_brand":[],"product_cat":[17605],"product_tag":[],"class_list":{"0":"post-10552","1":"product","2":"type-product","3":"status-publish","4":"has-post-thumbnail","6":"product_cat-fuori-produzione-fr","7":"pa_alimentazione-230v-1n-50hz-230-400v-3-50hz-fr","8":"pa_dimensioni-della-vasca-l-16-l-o-320-x-210h-mm-fr","9":"pa_dimensioni-imballo-700-x-460-x-770h-mm-con-timer-digitale-altezza-macchina-e-imballo-120-mm-fr","10":"pa_dimensioni-imballo-with-digital-timer-height-machine-and-packaging-120mm-c----","11":"pa_dimensioni-macchina-650-x-350-x-600900h-mm-con-timer-digitale-altezza-macchina-e-imballo-120-mm-fr","12":"pa_dimensioni-macchina-with-digital-timer-height-machine-and-packaging-120mm-c----","13":"pa_impasto-per-ciclo-kg-12-fr","14":"pa_peso-lordo-kg-66-fr","15":"pa_peso-netto-kg-56-fr","16":"pa_potenza-kw-075-kw-1-hp-075-055-kw-1-075-hp-2nd-speed-optional-fr","17":"pa_produzione-oraria-kg-h-36-kg-h-fr","18":"pa_velocita-rpm-90-rpm-90-180-rpm-2nd-speed-optional-fr","19":"pa_volume-imballo-m3-0-250-fr","21":"first","22":"outofstock","23":"downloadable","24":"product-type-simple"},"yoast_head":"<!-- This site is optimized with the Yoast SEO plugin v26.5 - https:\/\/yoast.com\/wordpress\/plugins\/seo\/ -->\n<title>P\u00c9TRIN \u00c0 SPIRALE 12SN - Fimar<\/title>\n<meta name=\"robots\" content=\"index, follow, max-snippet:-1, max-image-preview:large, max-video-preview:-1\" \/>\n<link rel=\"canonical\" href=\"https:\/\/www.fimarspa.it\/fr\/prodotto\/petrin-a-spirale-12sn\/\" \/>\n<meta property=\"og:locale\" content=\"fr_FR\" \/>\n<meta property=\"og:type\" content=\"article\" \/>\n<meta property=\"og:title\" content=\"P\u00c9TRIN \u00c0 SPIRALE 12SN - Fimar\" \/>\n<meta property=\"og:description\" content=\"P\u00e9trin \u00e0 spirale avec t\u00eate fixe. Machine pour le p\u00e9trissage de diff\u00e9rents types de p\u00e2te, particuli\u00e8rement adapt\u00e9e aux p\u00e2tes tendres telles que le pain, la pizza et la piadina. Structure recouverte de peinture anti-rayures - les parties en contact avec les aliments telles que la cuve, la spirale et la brise-p\u00e2te sont en acier inox AISI 304 - microrupteur de s\u00e9curit\u00e9 sur le couvercle de la cuve - couvercle en polycarbonate fum\u00e9 de s\u00e9rie. Diff\u00e9rentes options sur demande, incluant couvercle grill\u00e9 en acier inox AISI 304.\" \/>\n<meta property=\"og:url\" content=\"https:\/\/www.fimarspa.it\/fr\/prodotto\/petrin-a-spirale-12sn\/\" \/>\n<meta property=\"og:site_name\" content=\"Fimar\" \/>\n<meta property=\"article:publisher\" content=\"https:\/\/www.facebook.com\/Fimarspa.it\" \/>\n<meta property=\"article:modified_time\" content=\"2020-04-09T10:41:52+00:00\" \/>\n<meta property=\"og:image\" content=\"https:\/\/www.fimarspa.it\/wp-content\/uploads\/2019\/10\/12SN-18SN_impastatrice_spirale_testa_fissa_rotary_kneader_fimar.jpg\" \/>\n\t<meta property=\"og:image:width\" content=\"668\" \/>\n\t<meta property=\"og:image:height\" content=\"750\" \/>\n\t<meta property=\"og:image:type\" content=\"image\/jpeg\" \/>\n<meta name=\"twitter:card\" content=\"summary_large_image\" \/>\n<script type=\"application\/ld+json\" class=\"yoast-schema-graph\">{\"@context\":\"https:\/\/schema.org\",\"@graph\":[{\"@type\":\"WebPage\",\"@id\":\"https:\/\/www.fimarspa.it\/fr\/prodotto\/petrin-a-spirale-12sn\/\",\"url\":\"https:\/\/www.fimarspa.it\/fr\/prodotto\/petrin-a-spirale-12sn\/\",\"name\":\"P\u00c9TRIN \u00c0 SPIRALE 12SN - Fimar\",\"isPartOf\":{\"@id\":\"https:\/\/www.fimarspa.it\/#website\"},\"primaryImageOfPage\":{\"@id\":\"https:\/\/www.fimarspa.it\/fr\/prodotto\/petrin-a-spirale-12sn\/#primaryimage\"},\"image\":{\"@id\":\"https:\/\/www.fimarspa.it\/fr\/prodotto\/petrin-a-spirale-12sn\/#primaryimage\"},\"thumbnailUrl\":\"https:\/\/www.fimarspa.it\/wp-content\/uploads\/2019\/10\/12SN-18SN_impastatrice_spirale_testa_fissa_rotary_kneader_fimar.jpg\",\"datePublished\":\"2019-10-28T11:16:53+00:00\",\"dateModified\":\"2020-04-09T10:41:52+00:00\",\"breadcrumb\":{\"@id\":\"https:\/\/www.fimarspa.it\/fr\/prodotto\/petrin-a-spirale-12sn\/#breadcrumb\"},\"inLanguage\":\"fr-FR\",\"potentialAction\":[{\"@type\":\"ReadAction\",\"target\":[\"https:\/\/www.fimarspa.it\/fr\/prodotto\/petrin-a-spirale-12sn\/\"]}]},{\"@type\":\"ImageObject\",\"inLanguage\":\"fr-FR\",\"@id\":\"https:\/\/www.fimarspa.it\/fr\/prodotto\/petrin-a-spirale-12sn\/#primaryimage\",\"url\":\"https:\/\/www.fimarspa.it\/wp-content\/uploads\/2019\/10\/12SN-18SN_impastatrice_spirale_testa_fissa_rotary_kneader_fimar.jpg\",\"contentUrl\":\"https:\/\/www.fimarspa.it\/wp-content\/uploads\/2019\/10\/12SN-18SN_impastatrice_spirale_testa_fissa_rotary_kneader_fimar.jpg\",\"width\":668,\"height\":750},{\"@type\":\"BreadcrumbList\",\"@id\":\"https:\/\/www.fimarspa.it\/fr\/prodotto\/petrin-a-spirale-12sn\/#breadcrumb\",\"itemListElement\":[{\"@type\":\"ListItem\",\"position\":1,\"name\":\"Home\",\"item\":\"https:\/\/www.fimarspa.it\/fr\/\"},{\"@type\":\"ListItem\",\"position\":2,\"name\":\"Boutique\",\"item\":\"https:\/\/www.fimarspa.it\/fr\/boutique\/\"},{\"@type\":\"ListItem\",\"position\":3,\"name\":\"P\u00c9TRIN \u00c0 SPIRALE 12SN\"}]},{\"@type\":\"WebSite\",\"@id\":\"https:\/\/www.fimarspa.it\/#website\",\"url\":\"https:\/\/www.fimarspa.it\/\",\"name\":\"Fimar\",\"description\":\"Produzione di Attrezzature Professionali per la Ristorazione\",\"publisher\":{\"@id\":\"https:\/\/www.fimarspa.it\/#organization\"},\"potentialAction\":[{\"@type\":\"SearchAction\",\"target\":{\"@type\":\"EntryPoint\",\"urlTemplate\":\"https:\/\/www.fimarspa.it\/?s={search_term_string}\"},\"query-input\":{\"@type\":\"PropertyValueSpecification\",\"valueRequired\":true,\"valueName\":\"search_term_string\"}}],\"inLanguage\":\"fr-FR\"},{\"@type\":\"Organization\",\"@id\":\"https:\/\/www.fimarspa.it\/#organization\",\"name\":\"Fimar S.p.A.\",\"url\":\"https:\/\/www.fimarspa.it\/\",\"logo\":{\"@type\":\"ImageObject\",\"inLanguage\":\"fr-FR\",\"@id\":\"https:\/\/www.fimarspa.it\/#\/schema\/logo\/image\/\",\"url\":\"https:\/\/www.fimarspa.it\/wp-content\/uploads\/2019\/09\/logo-fimar.png\",\"contentUrl\":\"https:\/\/www.fimarspa.it\/wp-content\/uploads\/2019\/09\/logo-fimar.png\",\"width\":250,\"height\":88,\"caption\":\"Fimar S.p.A.\"},\"image\":{\"@id\":\"https:\/\/www.fimarspa.it\/#\/schema\/logo\/image\/\"},\"sameAs\":[\"https:\/\/www.facebook.com\/Fimarspa.it\",\"https:\/\/www.linkedin.com\/company\/fimar-group\/\",\"https:\/\/www.youtube.com\/user\/FimarSpa\"]}]}<\/script>\n<!-- \/ Yoast SEO plugin. -->","yoast_head_json":{"title":"P\u00c9TRIN \u00c0 SPIRALE 12SN - Fimar","robots":{"index":"index","follow":"follow","max-snippet":"max-snippet:-1","max-image-preview":"max-image-preview:large","max-video-preview":"max-video-preview:-1"},"canonical":"https:\/\/www.fimarspa.it\/fr\/prodotto\/petrin-a-spirale-12sn\/","og_locale":"fr_FR","og_type":"article","og_title":"P\u00c9TRIN \u00c0 SPIRALE 12SN - Fimar","og_description":"P\u00e9trin \u00e0 spirale avec t\u00eate fixe. Machine pour le p\u00e9trissage de diff\u00e9rents types de p\u00e2te, particuli\u00e8rement adapt\u00e9e aux p\u00e2tes tendres telles que le pain, la pizza et la piadina. Structure recouverte de peinture anti-rayures - les parties en contact avec les aliments telles que la cuve, la spirale et la brise-p\u00e2te sont en acier inox AISI 304 - microrupteur de s\u00e9curit\u00e9 sur le couvercle de la cuve - couvercle en polycarbonate fum\u00e9 de s\u00e9rie. Diff\u00e9rentes options sur demande, incluant couvercle grill\u00e9 en acier inox AISI 304.","og_url":"https:\/\/www.fimarspa.it\/fr\/prodotto\/petrin-a-spirale-12sn\/","og_site_name":"Fimar","article_publisher":"https:\/\/www.facebook.com\/Fimarspa.it","article_modified_time":"2020-04-09T10:41:52+00:00","og_image":[{"width":668,"height":750,"url":"https:\/\/www.fimarspa.it\/wp-content\/uploads\/2019\/10\/12SN-18SN_impastatrice_spirale_testa_fissa_rotary_kneader_fimar.jpg","type":"image\/jpeg"}],"twitter_card":"summary_large_image","schema":{"@context":"https:\/\/schema.org","@graph":[{"@type":"WebPage","@id":"https:\/\/www.fimarspa.it\/fr\/prodotto\/petrin-a-spirale-12sn\/","url":"https:\/\/www.fimarspa.it\/fr\/prodotto\/petrin-a-spirale-12sn\/","name":"P\u00c9TRIN \u00c0 SPIRALE 12SN - Fimar","isPartOf":{"@id":"https:\/\/www.fimarspa.it\/#website"},"primaryImageOfPage":{"@id":"https:\/\/www.fimarspa.it\/fr\/prodotto\/petrin-a-spirale-12sn\/#primaryimage"},"image":{"@id":"https:\/\/www.fimarspa.it\/fr\/prodotto\/petrin-a-spirale-12sn\/#primaryimage"},"thumbnailUrl":"https:\/\/www.fimarspa.it\/wp-content\/uploads\/2019\/10\/12SN-18SN_impastatrice_spirale_testa_fissa_rotary_kneader_fimar.jpg","datePublished":"2019-10-28T11:16:53+00:00","dateModified":"2020-04-09T10:41:52+00:00","breadcrumb":{"@id":"https:\/\/www.fimarspa.it\/fr\/prodotto\/petrin-a-spirale-12sn\/#breadcrumb"},"inLanguage":"fr-FR","potentialAction":[{"@type":"ReadAction","target":["https:\/\/www.fimarspa.it\/fr\/prodotto\/petrin-a-spirale-12sn\/"]}]},{"@type":"ImageObject","inLanguage":"fr-FR","@id":"https:\/\/www.fimarspa.it\/fr\/prodotto\/petrin-a-spirale-12sn\/#primaryimage","url":"https:\/\/www.fimarspa.it\/wp-content\/uploads\/2019\/10\/12SN-18SN_impastatrice_spirale_testa_fissa_rotary_kneader_fimar.jpg","contentUrl":"https:\/\/www.fimarspa.it\/wp-content\/uploads\/2019\/10\/12SN-18SN_impastatrice_spirale_testa_fissa_rotary_kneader_fimar.jpg","width":668,"height":750},{"@type":"BreadcrumbList","@id":"https:\/\/www.fimarspa.it\/fr\/prodotto\/petrin-a-spirale-12sn\/#breadcrumb","itemListElement":[{"@type":"ListItem","position":1,"name":"Home","item":"https:\/\/www.fimarspa.it\/fr\/"},{"@type":"ListItem","position":2,"name":"Boutique","item":"https:\/\/www.fimarspa.it\/fr\/boutique\/"},{"@type":"ListItem","position":3,"name":"P\u00c9TRIN \u00c0 SPIRALE 12SN"}]},{"@type":"WebSite","@id":"https:\/\/www.fimarspa.it\/#website","url":"https:\/\/www.fimarspa.it\/","name":"Fimar","description":"Produzione di Attrezzature Professionali per la Ristorazione","publisher":{"@id":"https:\/\/www.fimarspa.it\/#organization"},"potentialAction":[{"@type":"SearchAction","target":{"@type":"EntryPoint","urlTemplate":"https:\/\/www.fimarspa.it\/?s={search_term_string}"},"query-input":{"@type":"PropertyValueSpecification","valueRequired":true,"valueName":"search_term_string"}}],"inLanguage":"fr-FR"},{"@type":"Organization","@id":"https:\/\/www.fimarspa.it\/#organization","name":"Fimar S.p.A.","url":"https:\/\/www.fimarspa.it\/","logo":{"@type":"ImageObject","inLanguage":"fr-FR","@id":"https:\/\/www.fimarspa.it\/#\/schema\/logo\/image\/","url":"https:\/\/www.fimarspa.it\/wp-content\/uploads\/2019\/09\/logo-fimar.png","contentUrl":"https:\/\/www.fimarspa.it\/wp-content\/uploads\/2019\/09\/logo-fimar.png","width":250,"height":88,"caption":"Fimar S.p.A."},"image":{"@id":"https:\/\/www.fimarspa.it\/#\/schema\/logo\/image\/"},"sameAs":["https:\/\/www.facebook.com\/Fimarspa.it","https:\/\/www.linkedin.com\/company\/fimar-group\/","https:\/\/www.youtube.com\/user\/FimarSpa"]}]}},"_links":{"self":[{"href":"https:\/\/www.fimarspa.it\/fr\/wp-json\/wp\/v2\/product\/10552","targetHints":{"allow":["GET"]}}],"collection":[{"href":"https:\/\/www.fimarspa.it\/fr\/wp-json\/wp\/v2\/product"}],"about":[{"href":"https:\/\/www.fimarspa.it\/fr\/wp-json\/wp\/v2\/types\/product"}],"wp:featuredmedia":[{"embeddable":true,"href":"https:\/\/www.fimarspa.it\/fr\/wp-json\/wp\/v2\/media\/10544"}],"wp:attachment":[{"href":"https:\/\/www.fimarspa.it\/fr\/wp-json\/wp\/v2\/media?parent=10552"}],"wp:term":[{"taxonomy":"brand","embeddable":true,"href":"https:\/\/www.fimarspa.it\/fr\/wp-json\/wp\/v2\/etheme_brands?post=10552"},{"taxonomy":"product_brand","embeddable":true,"href":"https:\/\/www.fimarspa.it\/fr\/wp-json\/wp\/v2\/product_brand?post=10552"},{"taxonomy":"product_cat","embeddable":true,"href":"https:\/\/www.fimarspa.it\/fr\/wp-json\/wp\/v2\/product_cat?post=10552"},{"taxonomy":"product_tag","embeddable":true,"href":"https:\/\/www.fimarspa.it\/fr\/wp-json\/wp\/v2\/product_tag?post=10552"}],"curies":[{"name":"wp","href":"https:\/\/api.w.org\/{rel}","templated":true}]}}